{"id":643,"date":"2017-07-10T19:22:39","date_gmt":"2017-07-10T17:22:39","guid":{"rendered":"http:\/\/tcnarbonne.org\/?page_id=643"},"modified":"2017-07-10T19:22:39","modified_gmt":"2017-07-10T17:22:39","slug":"sitemap","status":"publish","type":"page","link":"https:\/\/tcnarbonne.org\/index.php\/sitemap\/","title":{"rendered":"sitemap"},"content":{"rendered":"<div id=\"simple-sitemap-container-69f5f57160eed\" class=\"simple-sitemap-container simple-sitemap-container-69f5f57160eed tab-disabled\"><div class=\"simple-sitemap-wrap\"><h3 class=\"post-type\">Pages<\/h3><ul class=\"simple-sitemap-page main\"><li class=\"sitemap-item page_item page-item-2188\"><a href=\"https:\/\/tcnarbonne.org\/index.php\/communique-tcna-suite-a-la-decision-du-prefet-sur-le-projet-thortdn-appel-a-la-resistance-citoyenne\/\">#BALANCETONTHOR-APPEL A LA R\u00c9SISTANCE CITOYENNE<\/a><\/li>\n<li class=\"sitemap-item page_item page-item-2076\"><a href=\"https:\/\/tcnarbonne.org\/index.php\/le-5-novembre-2017-tous-ensemble-contre-thortdn\/\">5 NOVEMBRE 2017 TOUS ENSEMBLE CONTRE THOR\/TDN<\/a><\/li>\n<li class=\"sitemap-item page_item page-item-15\"><a href=\"https:\/\/tcnarbonne.org\/index.php\/about-us\/\">About Us<\/a><\/li>\n<li class=\"sitemap-item page_item page-item-713\"><a href=\"https:\/\/tcnarbonne.org\/index.php\/page-accueil-optimisee\/\">Accueil<\/a><\/li>\n<li class=\"sitemap-item page_item page-item-21\"><a href=\"https:\/\/tcnarbonne.org\/index.php\/accueil\/\">Accueil<\/a><\/li>\n<li class=\"sitemap-item page_item page-item-382\"><a href=\"https:\/\/tcnarbonne.org\/index.php\/adherer\/\">Adh\u00e9rez en 2024<\/a><\/li>\n<li class=\"sitemap-item page_item page-item-2854\"><a href=\"https:\/\/tcnarbonne.org\/index.php\/assemblee-generale-2019\/\">Assembl\u00e9e G\u00e9n\u00e9rale 2019<\/a><\/li>\n<li class=\"sitemap-item page_item page-item-2377\"><a href=\"https:\/\/tcnarbonne.org\/index.php\/associations-relais-le-reseau-local-de-tcna\/\">Associations Relais-Le R\u00e9seau Local de TCNA<\/a><\/li>\n<li class=\"sitemap-item page_item page-item-24\"><a href=\"https:\/\/tcnarbonne.org\/index.php\/blog\/\">Blog<\/a><\/li>\n<li class=\"sitemap-item page_item page-item-1183\"><a href=\"https:\/\/tcnarbonne.org\/index.php\/cart\/\">Cart<\/a><\/li>\n<li class=\"sitemap-item page_item page-item-563\"><a href=\"https:\/\/tcnarbonne.org\/index.php\/centre-de-documentation\/\">Centre de documentation<\/a><\/li>\n<li class=\"sitemap-item page_item page-item-1184\"><a href=\"https:\/\/tcnarbonne.org\/index.php\/checkout\/\">Checkout<\/a><\/li>\n<li class=\"sitemap-item page_item page-item-1564\"><a href=\"https:\/\/tcnarbonne.org\/index.php\/commercants-artisans-associations\/\">Commer\u00e7ants, Artisans, Associations<\/a><\/li>\n<li class=\"sitemap-item page_item page-item-1911\"><a href=\"https:\/\/tcnarbonne.org\/index.php\/communique-de-presse-et-rapport-criirad-analyses-de-radioactivite-tauran-narbonne-2017\/\">Communiqu\u00e9 de presse et Rapport CRIIRAD Analyses de radioactivit\u00e9 TAURAN NARBONNE 2017<\/a><\/li>\n<li class=\"sitemap-item page_item page-item-23\"><a href=\"https:\/\/tcnarbonne.org\/index.php\/contact\/\">Contact<\/a><\/li>\n<li class=\"sitemap-item page_item page-item-2097\"><a href=\"https:\/\/tcnarbonne.org\/index.php\/contact-presse\/\">CONTACT PRESSE<\/a><\/li>\n<li class=\"sitemap-item page_item page-item-337\"><a href=\"https:\/\/tcnarbonne.org\/index.php\/contact-us\/\">Contact Us<\/a><\/li>\n<li class=\"sitemap-item page_item page-item-1255\"><a href=\"https:\/\/tcnarbonne.org\/index.php\/contaminationradio\/\">Contamination radioactive OUI ou NON ?<\/a><\/li>\n<li class=\"sitemap-item page_item page-item-1894\"><a href=\"https:\/\/tcnarbonne.org\/index.php\/courrier-de-la-mairie-de-beziers-au-prefet-de-laude\/\">Courrier de la Mairie de B\u00e9ziers au Pr\u00e9fet de l'Aude<\/a><\/li>\n<li class=\"sitemap-item page_item page-item-631\"><a href=\"https:\/\/tcnarbonne.org\/index.php\/documents-en-telechargement\/\">Documents en t\u00e9l\u00e9chargement<\/a><\/li>\n<li class=\"sitemap-item page_item page-item-1840\"><a href=\"https:\/\/tcnarbonne.org\/index.php\/dossier-tdn-incinerateur-nucleaire-en-occitanie\/\">DOSSIER TDN-LE NUCL\u00c9AIRE EN OCCITANIE<\/a><\/li>\n<li class=\"sitemap-item page_item page-item-1743\"><a href=\"https:\/\/tcnarbonne.org\/index.php\/1743-2\/\">ENGAGEMENT TENU ANALYSES TCNA-CRIIRAD<\/a><\/li>\n<li class=\"sitemap-item page_item page-item-4036\"><a href=\"https:\/\/tcnarbonne.org\/index.php\/feeds\/\">Feeds<\/a><\/li>\n<li class=\"sitemap-item page_item page-item-1245\"><a href=\"https:\/\/tcnarbonne.org\/index.php\/gallery\/\">Gallery<\/a><\/li>\n<li class=\"sitemap-item page_item page-item-1251\"><a href=\"https:\/\/tcnarbonne.org\/index.php\/home\/\">Home<\/a><\/li>\n<li class=\"sitemap-item page_item page-item-1314\"><a href=\"https:\/\/tcnarbonne.org\/index.php\/interview-president-de-tcna-grand-sud-fm-narbonne-92-5\/\">Interview du pr\u00e9sident de TCNA sur Grand Sud FM Narbonne 92.5<\/a><\/li>\n<li class=\"sitemap-item page_item page-item-1436\"><a href=\"https:\/\/tcnarbonne.org\/index.php\/la-cagnotte\/\">La Cagnotte<\/a><\/li>\n<li class=\"sitemap-item page_item page-item-17\"><a href=\"https:\/\/tcnarbonne.org\/index.php\/our-history\/\">La sant\u00e9 des narbonnaises et narbonnais en danger!<\/a><\/li>\n<li class=\"sitemap-item page_item page-item-1628\"><a href=\"https:\/\/tcnarbonne.org\/index.php\/lancement-des-analyses-par-la-criirad\/\">Lancement des analyses par la CRIIRAD 19\/08\/2017<\/a><\/li>\n<li class=\"sitemap-item page_item page-item-1820\"><a href=\"https:\/\/tcnarbonne.org\/index.php\/livre-blanc\/\">Livre blanc<\/a><\/li>\n<li class=\"sitemap-item page_item page-item-22\"><a href=\"https:\/\/tcnarbonne.org\/index.php\/a-propos-de\/\">MENTIONS L\u00c9GALES &amp; RGPD<\/a><\/li>\n<li class=\"sitemap-item page_item page-item-1847\"><a href=\"https:\/\/tcnarbonne.org\/index.php\/mobilisation-du-8-octobre-2017-aux-halles-de-narbonne\/\">Mobilisation du 8 Octobre 2017 aux Halles de Narbonne<\/a><\/li>\n<li class=\"sitemap-item page_item page-item-1185\"><a href=\"https:\/\/tcnarbonne.org\/index.php\/my-account\/\">My Account<\/a><\/li>\n<li class=\"sitemap-item page_item page-item-1439\"><a href=\"https:\/\/tcnarbonne.org\/index.php\/narbonne-se-faire-entendre-citoyens-de-cite-lancent-tcna\/\">Narbonne : pour se faire entendre, les citoyens de Cit\u00e9 lancent TCNA<\/a><\/li>\n<li class=\"sitemap-item page_item page-item-1252\"><a href=\"https:\/\/tcnarbonne.org\/index.php\/news\/\">News<\/a><\/li>\n<li class=\"sitemap-item page_item page-item-2060\"><a href=\"https:\/\/tcnarbonne.org\/index.php\/nos-coordonnees\/\">Nos coordonn\u00e9es<\/a><\/li>\n<li class=\"sitemap-item page_item page-item-1253\"><a href=\"https:\/\/tcnarbonne.org\/index.php\/our-achievements\/\">Our Achievements<\/a><\/li>\n<li class=\"sitemap-item page_item page-item-1254\"><a href=\"https:\/\/tcnarbonne.org\/index.php\/our-vision\/\">Our Vision<\/a><\/li>\n<li class=\"sitemap-item page_item page-item-1588\"><a href=\"https:\/\/tcnarbonne.org\/index.php\/panne-de-notre-compte-facebook\/\">Panne de notre compte Facebook<\/a><\/li>\n<li class=\"sitemap-item page_item page-item-2333\"><a href=\"https:\/\/tcnarbonne.org\/index.php\/participer-au-financement-de-laction-juridique\/\">PARTICIPER AU FINANCEMENT DE L'ACTION JURIDIQUE<\/a><\/li>\n<li class=\"sitemap-item page_item page-item-1341\"><a href=\"https:\/\/tcnarbonne.org\/index.php\/plaquettes-tcna\/\">plaquettes tcna<\/a><\/li>\n<li class=\"sitemap-item page_item page-item-2872\"><a href=\"https:\/\/tcnarbonne.org\/index.php\/politique-de-confidentialite\/\">Politique de confidentialit\u00e9<\/a><\/li>\n<li class=\"sitemap-item page_item page-item-3907\"><a href=\"https:\/\/tcnarbonne.org\/index.php\/politique-de-cookies-ue\/\">Politique de cookies (UE)<\/a><\/li>\n<li class=\"sitemap-item page_item page-item-1800\"><a href=\"https:\/\/tcnarbonne.org\/index.php\/pollution-step-veolia-narbonne\/\">Pollution STEP VEOLIA NARBONNE<\/a><\/li>\n<li class=\"sitemap-item page_item page-item-1450\"><a href=\"https:\/\/tcnarbonne.org\/index.php\/spectre-dareva-sinvite-debat-public\/\">Quand le spectre d'AREVA s'invite au d\u00e9bat public<\/a><\/li>\n<li class=\"sitemap-item page_item page-item-1429\"><a href=\"https:\/\/tcnarbonne.org\/index.php\/realiser-analyse-independante-de-radioactivite\/\">R\u00e9aliser une analyse ind\u00e9pendante de radioactivit\u00e9<\/a><\/li>\n<li class=\"sitemap-item page_item page-item-4143\"><a href=\"https:\/\/tcnarbonne.org\/index.php\/recherche-par-filtre\/\">RECHERCHE PAR FILTRE<\/a><\/li>\n<li class=\"sitemap-item page_item page-item-1811\"><a href=\"https:\/\/tcnarbonne.org\/index.php\/rendez-vous-devant-les-halles-de-narbonne-dimanche-8-octobre-a-10h\/\">Rendez vous devant les halles de Narbonne Dimanche 8 Octobre \u00e0 10h<\/a><\/li>\n<li class=\"sitemap-item page_item page-item-2164\"><a href=\"https:\/\/tcnarbonne.org\/index.php\/jagis-maintenant\/\">R\u00e9sistance Citoyenne-J'agis maintenant !<\/a><\/li>\n<li class=\"sitemap-item page_item page-item-1410\"><a href=\"https:\/\/tcnarbonne.org\/index.php\/sinscrire-a-newsletter\/\">S'inscrire \u00e0 la newsletter<\/a><\/li>\n<li class=\"sitemap-item page_item page-item-1256\"><a href=\"https:\/\/tcnarbonne.org\/index.php\/service-title-2\/\">Service Title #2<\/a><\/li>\n<li class=\"sitemap-item page_item page-item-1257\"><a href=\"https:\/\/tcnarbonne.org\/index.php\/service-title-3\/\">Service Title #3<\/a><\/li>\n<li class=\"sitemap-item page_item page-item-1258\"><a href=\"https:\/\/tcnarbonne.org\/index.php\/service-title-4\/\">Service Title #4<\/a><\/li>\n<li class=\"sitemap-item page_item page-item-1182\"><a href=\"https:\/\/tcnarbonne.org\/index.php\/shop\/\">Shop<\/a><\/li>\n<li class=\"sitemap-item page_item page-item-643\"><a href=\"https:\/\/tcnarbonne.org\/index.php\/sitemap\/\">sitemap<\/a><\/li>\n<li class=\"sitemap-item page_item page-item-1807\"><a href=\"https:\/\/tcnarbonne.org\/index.php\/tcna-criirad-le-7-septembre-a-narbonne\/\">TCNA-CRIIRAD le 7 septembre \u00e0 Narbonne<\/a><\/li>\n<li class=\"sitemap-item page_item page-item-1471\"><a href=\"https:\/\/tcnarbonne.org\/index.php\/the-health-of-people-living-in-narbonne-in-danger\/\">THE HEALTH OF PEOPLE LIVING IN NARBONNE IN DANGER!<\/a><\/li>\n<li class=\"sitemap-item page_item page-item-2271\"><a href=\"https:\/\/tcnarbonne.org\/index.php\/tracts-a-telecharger-imprimer-pour-distribuer\/\">Tracts \u00e0 t\u00e9l\u00e9charger\/ imprimer pour distribuer<\/a><\/li>\n<li class=\"sitemap-item page_item page-item-693\"><a href=\"https:\/\/tcnarbonne.org\/index.php\/zoom-sur\/\">Zoom sur une th\u00e9matique<\/a><\/li>\n<\/ul><\/div><\/div><br style=\"clear: both;\">\n","protected":false},"excerpt":{"rendered":"","protected":false},"author":1,"featured_media":0,"parent":0,"menu_order":0,"comment_status":"closed","ping_status":"closed","template":"","meta":{"ngg_post_thumbnail":0,"footnotes":""},"yoast_head":"<!-- This site is optimized with the Yoast SEO plugin v21.1 - https:\/\/yoast.com\/wordpress\/plugins\/seo\/ -->\n<title>sitemap - TCNA NARBONNE<\/title>\n<meta name=\"robots\" content=\"index, follow, max-snippet:-1, max-image-preview:large, max-video-preview:-1\" \/>\n<link rel=\"canonical\" href=\"https:\/\/tcnarbonne.org\/index.php\/sitemap\/\" \/>\n<meta property=\"og:locale\" content=\"fr_FR\" \/>\n<meta property=\"og:type\" content=\"article\" \/>\n<meta property=\"og:title\" content=\"sitemap - TCNA NARBONNE\" \/>\n<meta property=\"og:url\" content=\"https:\/\/tcnarbonne.org\/index.php\/sitemap\/\" \/>\n<meta property=\"og:site_name\" content=\"TCNA NARBONNE\" \/>\n<meta property=\"article:publisher\" content=\"https:\/\/www.facebook.com\/TCNA-Transparence-des-canaux-de-la-Narbonnaise-325260501232600\/\" \/>\n<meta name=\"twitter:card\" content=\"summary_large_image\" \/>\n<script type=\"application\/ld+json\" class=\"yoast-schema-graph\">{\"@context\":\"https:\/\/schema.org\",\"@graph\":[{\"@type\":\"WebPage\",\"@id\":\"https:\/\/tcnarbonne.org\/index.php\/sitemap\/\",\"url\":\"https:\/\/tcnarbonne.org\/index.php\/sitemap\/\",\"name\":\"sitemap - TCNA NARBONNE\",\"isPartOf\":{\"@id\":\"https:\/\/tcnarbonne.org\/#website\"},\"datePublished\":\"2017-07-10T17:22:39+00:00\",\"dateModified\":\"2017-07-10T17:22:39+00:00\",\"breadcrumb\":{\"@id\":\"https:\/\/tcnarbonne.org\/index.php\/sitemap\/#breadcrumb\"},\"inLanguage\":\"fr-FR\",\"potentialAction\":[{\"@type\":\"ReadAction\",\"target\":[\"https:\/\/tcnarbonne.org\/index.php\/sitemap\/\"]}]},{\"@type\":\"BreadcrumbList\",\"@id\":\"https:\/\/tcnarbonne.org\/index.php\/sitemap\/#breadcrumb\",\"itemListElement\":[{\"@type\":\"ListItem\",\"position\":1,\"name\":\"Accueil\",\"item\":\"https:\/\/tcnarbonne.org\/\"},{\"@type\":\"ListItem\",\"position\":2,\"name\":\"sitemap\"}]},{\"@type\":\"WebSite\",\"@id\":\"https:\/\/tcnarbonne.org\/#website\",\"url\":\"https:\/\/tcnarbonne.org\/\",\"name\":\"www.https:\/\/tcnarbonne.org\/\",\"description\":\"Transparence des canaux de la narbonnaise\",\"publisher\":{\"@id\":\"https:\/\/tcnarbonne.org\/#organization\"},\"potentialAction\":[{\"@type\":\"SearchAction\",\"target\":{\"@type\":\"EntryPoint\",\"urlTemplate\":\"https:\/\/tcnarbonne.org\/?s={search_term_string}\"},\"query-input\":\"required name=search_term_string\"}],\"inLanguage\":\"fr-FR\"},{\"@type\":\"Organization\",\"@id\":\"https:\/\/tcnarbonne.org\/#organization\",\"name\":\"www.https:\/\/tcnarbonne.org\/\",\"url\":\"https:\/\/tcnarbonne.org\/\",\"logo\":{\"@type\":\"ImageObject\",\"inLanguage\":\"fr-FR\",\"@id\":\"https:\/\/tcnarbonne.org\/#\/schema\/logo\/image\/\",\"url\":\"https:\/\/tcnarbonne.org\/wp-content\/uploads\/2021\/02\/cropped-logo-TCNA-blanc-1-1.png\",\"contentUrl\":\"https:\/\/tcnarbonne.org\/wp-content\/uploads\/2021\/02\/cropped-logo-TCNA-blanc-1-1.png\",\"width\":306,\"height\":202,\"caption\":\"www.https:\/\/tcnarbonne.org\/\"},\"image\":{\"@id\":\"https:\/\/tcnarbonne.org\/#\/schema\/logo\/image\/\"},\"sameAs\":[\"https:\/\/www.facebook.com\/TCNA-Transparence-des-canaux-de-la-Narbonnaise-325260501232600\/\"]}]}<\/script>\n<!-- \/ Yoast SEO plugin. -->","yoast_head_json":{"title":"sitemap - TCNA NARBONNE","robots":{"index":"index","follow":"follow","max-snippet":"max-snippet:-1","max-image-preview":"max-image-preview:large","max-video-preview":"max-video-preview:-1"},"canonical":"https:\/\/tcnarbonne.org\/index.php\/sitemap\/","og_locale":"fr_FR","og_type":"article","og_title":"sitemap - TCNA NARBONNE","og_url":"https:\/\/tcnarbonne.org\/index.php\/sitemap\/","og_site_name":"TCNA NARBONNE","article_publisher":"https:\/\/www.facebook.com\/TCNA-Transparence-des-canaux-de-la-Narbonnaise-325260501232600\/","twitter_card":"summary_large_image","schema":{"@context":"https:\/\/schema.org","@graph":[{"@type":"WebPage","@id":"https:\/\/tcnarbonne.org\/index.php\/sitemap\/","url":"https:\/\/tcnarbonne.org\/index.php\/sitemap\/","name":"sitemap - TCNA NARBONNE","isPartOf":{"@id":"https:\/\/tcnarbonne.org\/#website"},"datePublished":"2017-07-10T17:22:39+00:00","dateModified":"2017-07-10T17:22:39+00:00","breadcrumb":{"@id":"https:\/\/tcnarbonne.org\/index.php\/sitemap\/#breadcrumb"},"inLanguage":"fr-FR","potentialAction":[{"@type":"ReadAction","target":["https:\/\/tcnarbonne.org\/index.php\/sitemap\/"]}]},{"@type":"BreadcrumbList","@id":"https:\/\/tcnarbonne.org\/index.php\/sitemap\/#breadcrumb","itemListElement":[{"@type":"ListItem","position":1,"name":"Accueil","item":"https:\/\/tcnarbonne.org\/"},{"@type":"ListItem","position":2,"name":"sitemap"}]},{"@type":"WebSite","@id":"https:\/\/tcnarbonne.org\/#website","url":"https:\/\/tcnarbonne.org\/","name":"www.https:\/\/tcnarbonne.org\/","description":"Transparence des canaux de la narbonnaise","publisher":{"@id":"https:\/\/tcnarbonne.org\/#organization"},"potentialAction":[{"@type":"SearchAction","target":{"@type":"EntryPoint","urlTemplate":"https:\/\/tcnarbonne.org\/?s={search_term_string}"},"query-input":"required name=search_term_string"}],"inLanguage":"fr-FR"},{"@type":"Organization","@id":"https:\/\/tcnarbonne.org\/#organization","name":"www.https:\/\/tcnarbonne.org\/","url":"https:\/\/tcnarbonne.org\/","logo":{"@type":"ImageObject","inLanguage":"fr-FR","@id":"https:\/\/tcnarbonne.org\/#\/schema\/logo\/image\/","url":"https:\/\/tcnarbonne.org\/wp-content\/uploads\/2021\/02\/cropped-logo-TCNA-blanc-1-1.png","contentUrl":"https:\/\/tcnarbonne.org\/wp-content\/uploads\/2021\/02\/cropped-logo-TCNA-blanc-1-1.png","width":306,"height":202,"caption":"www.https:\/\/tcnarbonne.org\/"},"image":{"@id":"https:\/\/tcnarbonne.org\/#\/schema\/logo\/image\/"},"sameAs":["https:\/\/www.facebook.com\/TCNA-Transparence-des-canaux-de-la-Narbonnaise-325260501232600\/"]}]}},"_links":{"self":[{"href":"https:\/\/tcnarbonne.org\/index.php\/wp-json\/wp\/v2\/pages\/643"}],"collection":[{"href":"https:\/\/tcnarbonne.org\/index.php\/wp-json\/wp\/v2\/pages"}],"about":[{"href":"https:\/\/tcnarbonne.org\/index.php\/wp-json\/wp\/v2\/types\/page"}],"author":[{"embeddable":true,"href":"https:\/\/tcnarbonne.org\/index.php\/wp-json\/wp\/v2\/users\/1"}],"replies":[{"embeddable":true,"href":"https:\/\/tcnarbonne.org\/index.php\/wp-json\/wp\/v2\/comments?post=643"}],"version-history":[{"count":1,"href":"https:\/\/tcnarbonne.org\/index.php\/wp-json\/wp\/v2\/pages\/643\/revisions"}],"predecessor-version":[{"id":644,"href":"https:\/\/tcnarbonne.org\/index.php\/wp-json\/wp\/v2\/pages\/643\/revisions\/644"}],"wp:attachment":[{"href":"https:\/\/tcnarbonne.org\/index.php\/wp-json\/wp\/v2\/media?parent=643"}],"curies":[{"name":"wp","href":"https:\/\/api.w.org\/{rel}","templated":true}]}}