{"id":631,"date":"2017-07-10T16:40:58","date_gmt":"2017-07-10T14:40:58","guid":{"rendered":"http:\/\/tcnarbonne.org\/?page_id=631"},"modified":"2018-02-12T21:29:09","modified_gmt":"2018-02-12T20:29:09","slug":"documents-en-telechargement","status":"publish","type":"page","link":"https:\/\/tcnarbonne.org\/index.php\/documents-en-telechargement\/","title":{"rendered":"Documents en t\u00e9l\u00e9chargement"},"content":{"rendered":"<p><strong>&nbsp;Cliquez sur les documents pour les t\u00e9l\u00e9charger.<\/strong><\/p>\n<p>(Le temps de chargement peut \u00eatre long selon le volume des documents et votre connexion \u00e0 internet)<\/p>\n<p>&nbsp;<\/p>\n\n<!-- G\u00e9n\u00e9ration r\u00e9alis\u00e9e avec Document Gallery. Obtenez votre version ici :http:\/\/wordpress.org\/extend\/plugins\/document-gallery -->\n<div id=\"document-gallery-1\" class=\"document-gallery\" data-shortcode='{\"id\":631,\"include\":\"624,621,616,612,598,595,590,587,513,511,507,496,478,477,476,298,295,1754,1774,1762,2303\",\"exclude\":\"\",\"columns\":3,\"descriptions\":true,\"fancy\":true,\"order\":\"ASC\",\"orderby\":\"date\",\"relation\":\"AND\",\"limit\":-1,\"mime_types\":\"application,video,text,audio,image\",\"new_window\":true,\"paginate\":true,\"post_status\":\"any\",\"post_type\":\"attachment\",\"attachment_pg\":false,\"skip\":0}'>\n<div class='document-icon-row descriptions'>\n   <div class=\"document-icon\">\n      <a href=\"https:\/\/tcnarbonne.org\/wp-content\/uploads\/2017\/07\/Comurhex_ZonRegl_V0_2013_cle52f69e.pdf\" target=\"_blank\">\n         <img decoding=\"async\" src=\"https:\/\/tcnarbonne.org\/wp-content\/uploads\/2017\/07\/Comurhex_ZonRegl_V0_2013_cle52f69e-thumb.png\" title=\"Comurhex_ZonRegl_V0_2013_cle52f69e\" alt=\"Comurhex_ZonRegl_V0_2013_cle52f69e\" data-ext=\"pdf\"\/>\n         <span class=\"title\">Comurhex_ZonRegl_V0_2013_cle52f69e<\/span>\n      <\/a>\n   <\/div>\n   <p><\/p>\n<\/div>\n<div class='document-icon-row descriptions'>\n   <div class=\"document-icon\">\n      <a href=\"https:\/\/tcnarbonne.org\/wp-content\/uploads\/2017\/07\/rapportcomurhex_criirad_1.pdf\" target=\"_blank\">\n         <img decoding=\"async\" src=\"https:\/\/tcnarbonne.org\/wp-content\/uploads\/2017\/07\/rapportcomurhex_criirad_1-thumb.png\" title=\"rapportcomurhex_criirad_1\" alt=\"rapportcomurhex_criirad_1\" data-ext=\"pdf\"\/>\n         <span class=\"title\">rapportcomurhex_criirad_1<\/span>\n      <\/a>\n   <\/div>\n   <p><\/p>\n<\/div>\n<div class='document-icon-row descriptions'>\n   <div class=\"document-icon\">\n      <a href=\"https:\/\/tcnarbonne.org\/wp-content\/uploads\/2017\/07\/rapportcomurhex_criirad_2.pdf\" target=\"_blank\">\n         <img decoding=\"async\" src=\"https:\/\/tcnarbonne.org\/wp-content\/uploads\/2017\/07\/rapportcomurhex_criirad_2-thumb.png\" title=\"rapport comurhex_criirad_2\" alt=\"rapport comurhex_criirad_2\" data-ext=\"pdf\"\/>\n         <span class=\"title\">rapport comurhex_criirad_2<\/span>\n      <\/a>\n   <\/div>\n   <p><\/p>\n<\/div>\n<div class='document-icon-row descriptions'>\n   <div class=\"document-icon\">\n      <a href=\"https:\/\/tcnarbonne.org\/wp-content\/uploads\/2017\/07\/rapportcomurhex_criirad_3.pdf\" target=\"_blank\">\n         <img decoding=\"async\" src=\"https:\/\/tcnarbonne.org\/wp-content\/uploads\/2017\/07\/rapportcomurhex_criirad_3-thumb.png\" title=\"rapportcomurhex_criirad_3\" alt=\"rapportcomurhex_criirad_3\" data-ext=\"pdf\"\/>\n         <span class=\"title\">rapportcomurhex_criirad_3<\/span>\n      <\/a>\n   <\/div>\n   <p><\/p>\n<\/div>\n<div class='document-icon-row descriptions'>\n   <div class=\"document-icon\">\n      <a href=\"https:\/\/tcnarbonne.org\/wp-content\/uploads\/2017\/07\/rapportcomurhex_criirad_4.pdf\" target=\"_blank\">\n         <img decoding=\"async\" src=\"https:\/\/tcnarbonne.org\/wp-content\/uploads\/2017\/07\/rapportcomurhex_criirad_4-thumb.png\" title=\"rapportcomurhex_criirad_4\" alt=\"rapportcomurhex_criirad_4\" data-ext=\"pdf\"\/>\n         <span class=\"title\">rapportcomurhex_criirad_4<\/span>\n      <\/a>\n   <\/div>\n   <p><\/p>\n<\/div>\n<div class='document-icon-row descriptions'>\n   <div class=\"document-icon\">\n      <a href=\"https:\/\/tcnarbonne.org\/wp-content\/uploads\/2017\/07\/73-SGN-356-LRO-1.pdf\" target=\"_blank\">\n         <img decoding=\"async\" src=\"https:\/\/tcnarbonne.org\/wp-content\/uploads\/2017\/07\/73-SGN-356-LRO-1-thumb.png\" title=\"73-SGN-356-LRO (1)\" alt=\"73-SGN-356-LRO (1)\" data-ext=\"pdf\"\/>\n         <span class=\"title\">73-SGN-356-LRO (1)<\/span>\n      <\/a>\n   <\/div>\n   <p><\/p>\n<\/div>\n<div class='document-icon-row descriptions'>\n   <div class=\"document-icon\">\n      <a href=\"https:\/\/tcnarbonne.org\/wp-content\/uploads\/2017\/07\/Flyer-TCNA-PDF-copie.pdf\" target=\"_blank\">\n         <img decoding=\"async\" src=\"https:\/\/tcnarbonne.org\/wp-content\/uploads\/2017\/07\/Flyer-TCNA-PDF-copie-thumb.png\" title=\"Flyer TCNA PDF copie\" alt=\"Flyer TCNA PDF copie\" data-ext=\"pdf\"\/>\n         <span class=\"title\">Flyer TCNA PDF copie<\/span>\n      <\/a>\n   <\/div>\n   <p><\/p>\n<\/div>\n<div class='document-icon-row descriptions'>\n   <div class=\"document-icon\">\n      <a href=\"https:\/\/tcnarbonne.org\/wp-content\/uploads\/2017\/07\/Lind\u00e9pendant-08062017-TDNA.pdf\" target=\"_blank\">\n         <img decoding=\"async\" src=\"https:\/\/tcnarbonne.org\/wp-content\/uploads\/2017\/07\/Lind\u00e9pendant-08062017-TDNA-thumb.png\" title=\"L&#8217;ind\u00e9pendant 08062017 TDNA\" alt=\"L&#8217;ind\u00e9pendant 08062017 TDNA\" data-ext=\"pdf\"\/>\n         <span class=\"title\">L&#8217;ind\u00e9pendant 08062017 TDNA<\/span>\n      <\/a>\n   <\/div>\n   <p><\/p>\n<\/div>\n<div class='document-icon-row descriptions'>\n   <div class=\"document-icon\">\n      <a href=\"https:\/\/tcnarbonne.org\/wp-content\/uploads\/2017\/07\/Midi-Libre-08062017-copie.pdf\" target=\"_blank\">\n         <img decoding=\"async\" src=\"https:\/\/tcnarbonne.org\/wp-content\/uploads\/2017\/07\/Midi-Libre-08062017-copie-thumb.png\" title=\"Midi Libre 08062017 copie\" alt=\"Midi Libre 08062017 copie\" data-ext=\"pdf\"\/>\n         <span class=\"title\">Midi Libre 08062017 copie<\/span>\n      <\/a>\n   <\/div>\n   <p><\/p>\n<\/div>\n<div class='document-icon-row descriptions'>\n   <div class=\"document-icon\">\n      <a href=\"https:\/\/tcnarbonne.org\/wp-content\/uploads\/2017\/07\/Microsoft-Word-SAGE-BVA-projet-PAGD-reglement-21.06.pdf\" target=\"_blank\">\n         <img decoding=\"async\" src=\"https:\/\/tcnarbonne.org\/wp-content\/uploads\/2017\/07\/Microsoft-Word-SAGE-BVA-projet-PAGD-reglement-21-06-thumb.png\" title=\"(Microsoft Word &#8211; SAGE-BVA-projet-PAGD-reglement 21.06\" alt=\"(Microsoft Word &#8211; SAGE-BVA-projet-PAGD-reglement 21.06\" data-ext=\"pdf\"\/>\n         <span class=\"title\">(Microsoft Word &#8211; SAGE-BVA-projet-PAGD-reglement 21.06<\/span>\n      <\/a>\n   <\/div>\n   <p><\/p>\n<\/div>\n<div class='document-icon-row descriptions'>\n   <div class=\"document-icon\">\n      <a href=\"https:\/\/tcnarbonne.org\/wp-content\/uploads\/2017\/07\/05_CoursEauNonDomaniaux.pdf\" target=\"_blank\">\n         <img decoding=\"async\" src=\"https:\/\/tcnarbonne.org\/wp-content\/uploads\/2017\/07\/05_CoursEauNonDomaniaux-thumb.png\" title=\"05_CoursEauNonDomaniaux\" alt=\"05_CoursEauNonDomaniaux\" data-ext=\"pdf\"\/>\n         <span class=\"title\">05_CoursEauNonDomaniaux<\/span>\n      <\/a>\n   <\/div>\n   <p><\/p>\n<\/div>\n<div class='document-icon-row descriptions'>\n   <div class=\"document-icon\">\n      <a href=\"https:\/\/tcnarbonne.org\/wp-content\/uploads\/2017\/07\/2011-11-30_AIP11_Tauran-Robine.pdf\" target=\"_blank\">\n         <img decoding=\"async\" src=\"https:\/\/tcnarbonne.org\/wp-content\/uploads\/2017\/07\/2011-11-30_AIP11_Tauran-Robine-thumb.png\" title=\"2011-11-30_AIP11_Tauran-Robine\" alt=\"2011-11-30_AIP11_Tauran-Robine\" data-ext=\"pdf\"\/>\n         <span class=\"title\">2011-11-30_AIP11_Tauran-Robine<\/span>\n      <\/a>\n   <\/div>\n   <p><\/p>\n<\/div>\n<div class='document-icon-row descriptions'>\n   <div class=\"document-icon\">\n      <a href=\"https:\/\/tcnarbonne.org\/wp-content\/uploads\/2017\/07\/avis-irsn-2017-00097.pdf\" target=\"_blank\">\n         <img decoding=\"async\" src=\"https:\/\/tcnarbonne.org\/wp-content\/uploads\/2017\/07\/avis-irsn-2017-00097-thumb.png\" title=\"avis-irsn-2017-00097\" alt=\"avis-irsn-2017-00097\" data-ext=\"pdf\"\/>\n         <span class=\"title\">avis-irsn-2017-00097<\/span>\n      <\/a>\n   <\/div>\n   <p><\/p>\n<\/div>\n<div class='document-icon-row descriptions'>\n   <div class=\"document-icon\">\n      <a href=\"https:\/\/tcnarbonne.org\/wp-content\/uploads\/2017\/07\/CANAL_DU_MIDI-1_cle29d56a.pdf\" target=\"_blank\">\n         <img decoding=\"async\" src=\"https:\/\/tcnarbonne.org\/wp-content\/uploads\/2017\/07\/CANAL_DU_MIDI-1_cle29d56a-thumb.png\" title=\"CANAL_DU_MIDI-1_cle29d56a\" alt=\"CANAL_DU_MIDI-1_cle29d56a\" data-ext=\"pdf\"\/>\n         <span class=\"title\">CANAL_DU_MIDI-1_cle29d56a<\/span>\n      <\/a>\n   <\/div>\n   <p><\/p>\n<\/div>\n<div class='document-icon-row descriptions'>\n   <div class=\"document-icon\">\n      <a href=\"https:\/\/tcnarbonne.org\/wp-content\/uploads\/2017\/07\/Contrat_de_canal_Robine__1_.pdf\" target=\"_blank\">\n         <img decoding=\"async\" src=\"https:\/\/tcnarbonne.org\/wp-content\/uploads\/2017\/07\/Contrat_de_canal_Robine__1_-thumb.png\" title=\"Contrat_de_canal_Robine__1_\" alt=\"Contrat_de_canal_Robine__1_\" data-ext=\"pdf\"\/>\n         <span class=\"title\">Contrat_de_canal_Robine__1_<\/span>\n      <\/a>\n   <\/div>\n   <p><\/p>\n<\/div>\n<div class='document-icon-row descriptions'>\n   <div class=\"document-icon\">\n      <a href=\"https:\/\/tcnarbonne.org\/wp-content\/uploads\/2017\/07\/Dossier-Narbonne-Ville-Sant\u00e9-OMS.pdf\" target=\"_blank\">\n         <img decoding=\"async\" src=\"https:\/\/tcnarbonne.org\/wp-content\/uploads\/2017\/07\/Dossier-Narbonne-Ville-Sant\u00e9-OMS-thumb.png\" title=\"Dossier-Narbonne-Ville-Sant\u00e9-OMS\" alt=\"Dossier-Narbonne-Ville-Sant\u00e9-OMS\" data-ext=\"pdf\"\/>\n         <span class=\"title\">Dossier-Narbonne-Ville-Sant\u00e9-OMS<\/span>\n      <\/a>\n   <\/div>\n   <p><\/p>\n<\/div>\n<div class='document-icon-row descriptions'>\n   <div class=\"document-icon\">\n      <a href=\"https:\/\/tcnarbonne.org\/wp-content\/uploads\/2017\/07\/KMBT_C224-20160809121258-important.pdf\" target=\"_blank\">\n         <img decoding=\"async\" src=\"https:\/\/tcnarbonne.org\/wp-content\/uploads\/2017\/07\/KMBT_C224-20160809121258-important-thumb.png\" title=\"KMBT_C224-20160809121258 important\" alt=\"KMBT_C224-20160809121258 important\" data-ext=\"pdf\"\/>\n         <span class=\"title\">KMBT_C224-20160809121258 important<\/span>\n      <\/a>\n   <\/div>\n   <p><\/p>\n<\/div>\n<div class='document-icon-row descriptions'>\n   <div class=\"document-icon\">\n      <a href=\"https:\/\/tcnarbonne.org\/wp-content\/uploads\/2017\/09\/pprl_narbonne_note-bilan_approuve_cle0118a8.pdf\" target=\"_blank\">\n         <img decoding=\"async\" src=\"https:\/\/tcnarbonne.org\/wp-content\/uploads\/2017\/09\/pprl_narbonne_note-bilan_approuve_cle0118a8-thumb.png\" title=\"pprl_narbonne_note-bilan_approuve_cle0118a8\" alt=\"pprl_narbonne_note-bilan_approuve_cle0118a8\" data-ext=\"pdf\"\/>\n         <span class=\"title\">pprl_narbonne_note-bilan_approuve_cle0118a8<\/span>\n      <\/a>\n   <\/div>\n   <p><\/p>\n<\/div>\n<div class='document-icon-row descriptions'>\n   <div class=\"document-icon\">\n      <a href=\"https:\/\/tcnarbonne.org\/wp-content\/uploads\/2017\/09\/Rapport-RUBRESUS-Activit\u00e9s-d\u00e9chets-rejets-Malv\u00e9siVF.pdf\" target=\"_blank\">\n         <img decoding=\"async\" src=\"https:\/\/tcnarbonne.org\/wp-content\/uploads\/2017\/09\/Rapport-RUBRESUS-Activit\u00e9s-d\u00e9chets-rejets-Malv\u00e9siVF-thumb.png\" title=\"Rapport RUBRESUS Activit\u00e9s d\u00e9chets rejets Malv\u00e9siVF\" alt=\"Rapport RUBRESUS Activit\u00e9s d\u00e9chets rejets Malv\u00e9siVF\" data-ext=\"pdf\"\/>\n         <span class=\"title\">Rapport RUBRESUS Activit\u00e9s d\u00e9chets rejets Malv\u00e9siVF<\/span>\n      <\/a>\n   <\/div>\n   <p><\/p>\n<\/div>\n<div class='document-icon-row descriptions'>\n   <div class=\"document-icon\">\n      <a href=\"https:\/\/tcnarbonne.org\/wp-content\/uploads\/2017\/09\/IRSN-2017-stockage-d\u00e9chets.pdf\" target=\"_blank\">\n         <img decoding=\"async\" src=\"https:\/\/tcnarbonne.org\/wp-content\/uploads\/2017\/09\/IRSN-2017-stockage-d\u00e9chets-thumb.png\" title=\"IRSN-2017 stockage d\u00e9chets\" alt=\"IRSN-2017 stockage d\u00e9chets\" data-ext=\"pdf\"\/>\n         <span class=\"title\">IRSN-2017 stockage d\u00e9chets<\/span>\n      <\/a>\n   <\/div>\n   <p><\/p>\n<\/div>\n<div class='document-icon-row descriptions'>\n   <div class=\"document-icon\">\n      <a href=\"https:\/\/tcnarbonne.org\/wp-content\/uploads\/2018\/02\/TDN-AP-8-novembre-2017-.pdf\" target=\"_blank\">\n         <img decoding=\"async\" src=\"https:\/\/tcnarbonne.org\/wp-content\/uploads\/2018\/02\/TDN-AP-8-novembre-2017-thumb.png\" title=\"Arr\u00eat\u00e9 Pr\u00e9fectoral d&#8217;autorisation d&#8217;exploiter 08\/11\/2017\" alt=\"Arr\u00eat\u00e9 Pr\u00e9fectoral d&#8217;autorisation d&#8217;exploiter 08\/11\/2017\" data-ext=\"pdf\"\/>\n         <span class=\"title\">Arr\u00eat\u00e9 Pr\u00e9fectoral d&#8217;autorisation d&#8217;exploiter 08\/11\/2017<\/span>\n      <\/a>\n   <\/div>\n   <p><\/p>\n<\/div>\n<\/div>\n<p>&nbsp;<\/p>\n<p>&nbsp;<\/p>\n","protected":false},"excerpt":{"rendered":"<p>&nbsp;Cliquez sur les documents pour les t\u00e9l\u00e9charger. (Le temps de chargement peut \u00eatre long selon le volume des documents et votre connexion \u00e0 internet) &nbsp; &nbsp; &nbsp;<\/p>\n","protected":false},"author":1,"featured_media":0,"parent":0,"menu_order":0,"comment_status":"closed","ping_status":"closed","template":"","meta":{"ngg_post_thumbnail":0,"footnotes":""},"yoast_head":"<!-- This site is optimized with the Yoast SEO plugin v21.1 - https:\/\/yoast.com\/wordpress\/plugins\/seo\/ -->\n<title>Documents en t\u00e9l\u00e9chargement - TCNA NARBONNE<\/title>\n<meta name=\"robots\" content=\"index, follow, max-snippet:-1, max-image-preview:large, max-video-preview:-1\" \/>\n<link rel=\"canonical\" href=\"https:\/\/tcnarbonne.org\/index.php\/documents-en-telechargement\/\" \/>\n<meta property=\"og:locale\" content=\"fr_FR\" \/>\n<meta property=\"og:type\" content=\"article\" \/>\n<meta property=\"og:title\" content=\"Documents en t\u00e9l\u00e9chargement - TCNA NARBONNE\" \/>\n<meta property=\"og:description\" content=\"&nbsp;Cliquez sur les documents pour les t\u00e9l\u00e9charger. (Le temps de chargement peut \u00eatre long selon le volume des documents et votre connexion \u00e0 internet) &nbsp; &nbsp; &nbsp;\" \/>\n<meta property=\"og:url\" content=\"https:\/\/tcnarbonne.org\/index.php\/documents-en-telechargement\/\" \/>\n<meta property=\"og:site_name\" content=\"TCNA NARBONNE\" \/>\n<meta property=\"article:publisher\" content=\"https:\/\/www.facebook.com\/TCNA-Transparence-des-canaux-de-la-Narbonnaise-325260501232600\/\" \/>\n<meta property=\"article:modified_time\" content=\"2018-02-12T20:29:09+00:00\" \/>\n<meta name=\"twitter:card\" content=\"summary_large_image\" \/>\n<script type=\"application\/ld+json\" class=\"yoast-schema-graph\">{\"@context\":\"https:\/\/schema.org\",\"@graph\":[{\"@type\":\"WebPage\",\"@id\":\"https:\/\/tcnarbonne.org\/index.php\/documents-en-telechargement\/\",\"url\":\"https:\/\/tcnarbonne.org\/index.php\/documents-en-telechargement\/\",\"name\":\"Documents en t\u00e9l\u00e9chargement - TCNA NARBONNE\",\"isPartOf\":{\"@id\":\"https:\/\/tcnarbonne.org\/#website\"},\"datePublished\":\"2017-07-10T14:40:58+00:00\",\"dateModified\":\"2018-02-12T20:29:09+00:00\",\"breadcrumb\":{\"@id\":\"https:\/\/tcnarbonne.org\/index.php\/documents-en-telechargement\/#breadcrumb\"},\"inLanguage\":\"fr-FR\",\"potentialAction\":[{\"@type\":\"ReadAction\",\"target\":[\"https:\/\/tcnarbonne.org\/index.php\/documents-en-telechargement\/\"]}]},{\"@type\":\"BreadcrumbList\",\"@id\":\"https:\/\/tcnarbonne.org\/index.php\/documents-en-telechargement\/#breadcrumb\",\"itemListElement\":[{\"@type\":\"ListItem\",\"position\":1,\"name\":\"Accueil\",\"item\":\"https:\/\/tcnarbonne.org\/\"},{\"@type\":\"ListItem\",\"position\":2,\"name\":\"Documents en t\u00e9l\u00e9chargement\"}]},{\"@type\":\"WebSite\",\"@id\":\"https:\/\/tcnarbonne.org\/#website\",\"url\":\"https:\/\/tcnarbonne.org\/\",\"name\":\"www.https:\/\/tcnarbonne.org\/\",\"description\":\"Transparence des canaux de la narbonnaise\",\"publisher\":{\"@id\":\"https:\/\/tcnarbonne.org\/#organization\"},\"potentialAction\":[{\"@type\":\"SearchAction\",\"target\":{\"@type\":\"EntryPoint\",\"urlTemplate\":\"https:\/\/tcnarbonne.org\/?s={search_term_string}\"},\"query-input\":\"required name=search_term_string\"}],\"inLanguage\":\"fr-FR\"},{\"@type\":\"Organization\",\"@id\":\"https:\/\/tcnarbonne.org\/#organization\",\"name\":\"www.https:\/\/tcnarbonne.org\/\",\"url\":\"https:\/\/tcnarbonne.org\/\",\"logo\":{\"@type\":\"ImageObject\",\"inLanguage\":\"fr-FR\",\"@id\":\"https:\/\/tcnarbonne.org\/#\/schema\/logo\/image\/\",\"url\":\"https:\/\/tcnarbonne.org\/wp-content\/uploads\/2021\/02\/cropped-logo-TCNA-blanc-1-1.png\",\"contentUrl\":\"https:\/\/tcnarbonne.org\/wp-content\/uploads\/2021\/02\/cropped-logo-TCNA-blanc-1-1.png\",\"width\":306,\"height\":202,\"caption\":\"www.https:\/\/tcnarbonne.org\/\"},\"image\":{\"@id\":\"https:\/\/tcnarbonne.org\/#\/schema\/logo\/image\/\"},\"sameAs\":[\"https:\/\/www.facebook.com\/TCNA-Transparence-des-canaux-de-la-Narbonnaise-325260501232600\/\"]}]}<\/script>\n<!-- \/ Yoast SEO plugin. -->","yoast_head_json":{"title":"Documents en t\u00e9l\u00e9chargement - TCNA NARBONNE","robots":{"index":"index","follow":"follow","max-snippet":"max-snippet:-1","max-image-preview":"max-image-preview:large","max-video-preview":"max-video-preview:-1"},"canonical":"https:\/\/tcnarbonne.org\/index.php\/documents-en-telechargement\/","og_locale":"fr_FR","og_type":"article","og_title":"Documents en t\u00e9l\u00e9chargement - TCNA NARBONNE","og_description":"&nbsp;Cliquez sur les documents pour les t\u00e9l\u00e9charger. (Le temps de chargement peut \u00eatre long selon le volume des documents et votre connexion \u00e0 internet) &nbsp; &nbsp; &nbsp;","og_url":"https:\/\/tcnarbonne.org\/index.php\/documents-en-telechargement\/","og_site_name":"TCNA NARBONNE","article_publisher":"https:\/\/www.facebook.com\/TCNA-Transparence-des-canaux-de-la-Narbonnaise-325260501232600\/","article_modified_time":"2018-02-12T20:29:09+00:00","twitter_card":"summary_large_image","schema":{"@context":"https:\/\/schema.org","@graph":[{"@type":"WebPage","@id":"https:\/\/tcnarbonne.org\/index.php\/documents-en-telechargement\/","url":"https:\/\/tcnarbonne.org\/index.php\/documents-en-telechargement\/","name":"Documents en t\u00e9l\u00e9chargement - TCNA NARBONNE","isPartOf":{"@id":"https:\/\/tcnarbonne.org\/#website"},"datePublished":"2017-07-10T14:40:58+00:00","dateModified":"2018-02-12T20:29:09+00:00","breadcrumb":{"@id":"https:\/\/tcnarbonne.org\/index.php\/documents-en-telechargement\/#breadcrumb"},"inLanguage":"fr-FR","potentialAction":[{"@type":"ReadAction","target":["https:\/\/tcnarbonne.org\/index.php\/documents-en-telechargement\/"]}]},{"@type":"BreadcrumbList","@id":"https:\/\/tcnarbonne.org\/index.php\/documents-en-telechargement\/#breadcrumb","itemListElement":[{"@type":"ListItem","position":1,"name":"Accueil","item":"https:\/\/tcnarbonne.org\/"},{"@type":"ListItem","position":2,"name":"Documents en t\u00e9l\u00e9chargement"}]},{"@type":"WebSite","@id":"https:\/\/tcnarbonne.org\/#website","url":"https:\/\/tcnarbonne.org\/","name":"www.https:\/\/tcnarbonne.org\/","description":"Transparence des canaux de la narbonnaise","publisher":{"@id":"https:\/\/tcnarbonne.org\/#organization"},"potentialAction":[{"@type":"SearchAction","target":{"@type":"EntryPoint","urlTemplate":"https:\/\/tcnarbonne.org\/?s={search_term_string}"},"query-input":"required name=search_term_string"}],"inLanguage":"fr-FR"},{"@type":"Organization","@id":"https:\/\/tcnarbonne.org\/#organization","name":"www.https:\/\/tcnarbonne.org\/","url":"https:\/\/tcnarbonne.org\/","logo":{"@type":"ImageObject","inLanguage":"fr-FR","@id":"https:\/\/tcnarbonne.org\/#\/schema\/logo\/image\/","url":"https:\/\/tcnarbonne.org\/wp-content\/uploads\/2021\/02\/cropped-logo-TCNA-blanc-1-1.png","contentUrl":"https:\/\/tcnarbonne.org\/wp-content\/uploads\/2021\/02\/cropped-logo-TCNA-blanc-1-1.png","width":306,"height":202,"caption":"www.https:\/\/tcnarbonne.org\/"},"image":{"@id":"https:\/\/tcnarbonne.org\/#\/schema\/logo\/image\/"},"sameAs":["https:\/\/www.facebook.com\/TCNA-Transparence-des-canaux-de-la-Narbonnaise-325260501232600\/"]}]}},"_links":{"self":[{"href":"https:\/\/tcnarbonne.org\/index.php\/wp-json\/wp\/v2\/pages\/631"}],"collection":[{"href":"https:\/\/tcnarbonne.org\/index.php\/wp-json\/wp\/v2\/pages"}],"about":[{"href":"https:\/\/tcnarbonne.org\/index.php\/wp-json\/wp\/v2\/types\/page"}],"author":[{"embeddable":true,"href":"https:\/\/tcnarbonne.org\/index.php\/wp-json\/wp\/v2\/users\/1"}],"replies":[{"embeddable":true,"href":"https:\/\/tcnarbonne.org\/index.php\/wp-json\/wp\/v2\/comments?post=631"}],"version-history":[{"count":13,"href":"https:\/\/tcnarbonne.org\/index.php\/wp-json\/wp\/v2\/pages\/631\/revisions"}],"predecessor-version":[{"id":2310,"href":"https:\/\/tcnarbonne.org\/index.php\/wp-json\/wp\/v2\/pages\/631\/revisions\/2310"}],"wp:attachment":[{"href":"https:\/\/tcnarbonne.org\/index.php\/wp-json\/wp\/v2\/media?parent=631"}],"curies":[{"name":"wp","href":"https:\/\/api.w.org\/{rel}","templated":true}]}}