{"id":2377,"date":"2018-03-27T22:42:39","date_gmt":"2018-03-27T20:42:39","guid":{"rendered":"http:\/\/tcnarbonne.org\/?page_id=2377"},"modified":"2018-03-27T22:42:39","modified_gmt":"2018-03-27T20:42:39","slug":"associations-relais-le-reseau-local-de-tcna","status":"publish","type":"page","link":"https:\/\/tcnarbonne.org\/index.php\/associations-relais-le-reseau-local-de-tcna\/","title":{"rendered":"Associations Relais-Le R\u00e9seau Local de TCNA"},"content":{"rendered":"<p><span style=\"font-size: 14pt;\">Si vous souhaitez relayer l&#8217;actualit\u00e9 de TCNA dans votre commune ou votre village, votre canton, envoyez nous un <a href=\"maito:tcna.association@outlook.fr\">mail<\/a> en indiquant le nom de votre association, son but et la localit\u00e9 o\u00f9 elle si\u00e8ge, nous l&#8217;ajouterons sur la carte et nous vous communiquerons r\u00e9guli\u00e8rement notre actualit\u00e9 que vous pourrez diffuser dans vos territoires.<\/span><\/p>\n<p style=\"text-align: center;\"><iframe loading=\"lazy\" src=\"https:\/\/www.google.com\/maps\/d\/embed?mid=13ZhZXgY6IBpkDQUdfoBNr-f0iUBCsk6G\" width=\"800\" height=\"600\"><\/iframe><\/p>\n","protected":false},"excerpt":{"rendered":"<p>Si vous souhaitez relayer l&#8217;actualit\u00e9 de TCNA dans votre commune ou votre village, votre canton, envoyez nous un mail en indiquant le nom de votre association, son but et la localit\u00e9 o\u00f9 elle si\u00e8ge,&#8230;<\/p>\n","protected":false},"author":1,"featured_media":0,"parent":0,"menu_order":0,"comment_status":"closed","ping_status":"closed","template":"","meta":{"ngg_post_thumbnail":0,"footnotes":""},"yoast_head":"<!-- This site is optimized with the Yoast SEO plugin v21.1 - https:\/\/yoast.com\/wordpress\/plugins\/seo\/ -->\n<title>Associations Relais-Le R\u00e9seau Local de TCNA - TCNA NARBONNE<\/title>\n<meta name=\"robots\" content=\"index, follow, max-snippet:-1, max-image-preview:large, max-video-preview:-1\" \/>\n<link rel=\"canonical\" href=\"https:\/\/tcnarbonne.org\/index.php\/associations-relais-le-reseau-local-de-tcna\/\" \/>\n<meta property=\"og:locale\" content=\"fr_FR\" \/>\n<meta property=\"og:type\" content=\"article\" \/>\n<meta property=\"og:title\" content=\"Associations Relais-Le R\u00e9seau Local de TCNA - TCNA NARBONNE\" \/>\n<meta property=\"og:description\" content=\"Si vous souhaitez relayer l&#8217;actualit\u00e9 de TCNA dans votre commune ou votre village, votre canton, envoyez nous un mail en indiquant le nom de votre association, son but et la localit\u00e9 o\u00f9 elle si\u00e8ge,...\" \/>\n<meta property=\"og:url\" content=\"https:\/\/tcnarbonne.org\/index.php\/associations-relais-le-reseau-local-de-tcna\/\" \/>\n<meta property=\"og:site_name\" content=\"TCNA NARBONNE\" \/>\n<meta property=\"article:publisher\" content=\"https:\/\/www.facebook.com\/TCNA-Transparence-des-canaux-de-la-Narbonnaise-325260501232600\/\" \/>\n<meta name=\"twitter:card\" content=\"summary_large_image\" \/>\n<script type=\"application\/ld+json\" class=\"yoast-schema-graph\">{\"@context\":\"https:\/\/schema.org\",\"@graph\":[{\"@type\":\"WebPage\",\"@id\":\"https:\/\/tcnarbonne.org\/index.php\/associations-relais-le-reseau-local-de-tcna\/\",\"url\":\"https:\/\/tcnarbonne.org\/index.php\/associations-relais-le-reseau-local-de-tcna\/\",\"name\":\"Associations Relais-Le R\u00e9seau Local de TCNA - TCNA NARBONNE\",\"isPartOf\":{\"@id\":\"https:\/\/tcnarbonne.org\/#website\"},\"datePublished\":\"2018-03-27T20:42:39+00:00\",\"dateModified\":\"2018-03-27T20:42:39+00:00\",\"breadcrumb\":{\"@id\":\"https:\/\/tcnarbonne.org\/index.php\/associations-relais-le-reseau-local-de-tcna\/#breadcrumb\"},\"inLanguage\":\"fr-FR\",\"potentialAction\":[{\"@type\":\"ReadAction\",\"target\":[\"https:\/\/tcnarbonne.org\/index.php\/associations-relais-le-reseau-local-de-tcna\/\"]}]},{\"@type\":\"BreadcrumbList\",\"@id\":\"https:\/\/tcnarbonne.org\/index.php\/associations-relais-le-reseau-local-de-tcna\/#breadcrumb\",\"itemListElement\":[{\"@type\":\"ListItem\",\"position\":1,\"name\":\"Accueil\",\"item\":\"https:\/\/tcnarbonne.org\/\"},{\"@type\":\"ListItem\",\"position\":2,\"name\":\"Associations Relais-Le R\u00e9seau Local de TCNA\"}]},{\"@type\":\"WebSite\",\"@id\":\"https:\/\/tcnarbonne.org\/#website\",\"url\":\"https:\/\/tcnarbonne.org\/\",\"name\":\"www.https:\/\/tcnarbonne.org\/\",\"description\":\"Transparence des canaux de la narbonnaise\",\"publisher\":{\"@id\":\"https:\/\/tcnarbonne.org\/#organization\"},\"potentialAction\":[{\"@type\":\"SearchAction\",\"target\":{\"@type\":\"EntryPoint\",\"urlTemplate\":\"https:\/\/tcnarbonne.org\/?s={search_term_string}\"},\"query-input\":\"required name=search_term_string\"}],\"inLanguage\":\"fr-FR\"},{\"@type\":\"Organization\",\"@id\":\"https:\/\/tcnarbonne.org\/#organization\",\"name\":\"www.https:\/\/tcnarbonne.org\/\",\"url\":\"https:\/\/tcnarbonne.org\/\",\"logo\":{\"@type\":\"ImageObject\",\"inLanguage\":\"fr-FR\",\"@id\":\"https:\/\/tcnarbonne.org\/#\/schema\/logo\/image\/\",\"url\":\"https:\/\/tcnarbonne.org\/wp-content\/uploads\/2021\/02\/cropped-logo-TCNA-blanc-1-1.png\",\"contentUrl\":\"https:\/\/tcnarbonne.org\/wp-content\/uploads\/2021\/02\/cropped-logo-TCNA-blanc-1-1.png\",\"width\":306,\"height\":202,\"caption\":\"www.https:\/\/tcnarbonne.org\/\"},\"image\":{\"@id\":\"https:\/\/tcnarbonne.org\/#\/schema\/logo\/image\/\"},\"sameAs\":[\"https:\/\/www.facebook.com\/TCNA-Transparence-des-canaux-de-la-Narbonnaise-325260501232600\/\"]}]}<\/script>\n<!-- \/ Yoast SEO plugin. -->","yoast_head_json":{"title":"Associations Relais-Le R\u00e9seau Local de TCNA - TCNA NARBONNE","robots":{"index":"index","follow":"follow","max-snippet":"max-snippet:-1","max-image-preview":"max-image-preview:large","max-video-preview":"max-video-preview:-1"},"canonical":"https:\/\/tcnarbonne.org\/index.php\/associations-relais-le-reseau-local-de-tcna\/","og_locale":"fr_FR","og_type":"article","og_title":"Associations Relais-Le R\u00e9seau Local de TCNA - TCNA NARBONNE","og_description":"Si vous souhaitez relayer l&#8217;actualit\u00e9 de TCNA dans votre commune ou votre village, votre canton, envoyez nous un mail en indiquant le nom de votre association, son but et la localit\u00e9 o\u00f9 elle si\u00e8ge,...","og_url":"https:\/\/tcnarbonne.org\/index.php\/associations-relais-le-reseau-local-de-tcna\/","og_site_name":"TCNA NARBONNE","article_publisher":"https:\/\/www.facebook.com\/TCNA-Transparence-des-canaux-de-la-Narbonnaise-325260501232600\/","twitter_card":"summary_large_image","schema":{"@context":"https:\/\/schema.org","@graph":[{"@type":"WebPage","@id":"https:\/\/tcnarbonne.org\/index.php\/associations-relais-le-reseau-local-de-tcna\/","url":"https:\/\/tcnarbonne.org\/index.php\/associations-relais-le-reseau-local-de-tcna\/","name":"Associations Relais-Le R\u00e9seau Local de TCNA - TCNA NARBONNE","isPartOf":{"@id":"https:\/\/tcnarbonne.org\/#website"},"datePublished":"2018-03-27T20:42:39+00:00","dateModified":"2018-03-27T20:42:39+00:00","breadcrumb":{"@id":"https:\/\/tcnarbonne.org\/index.php\/associations-relais-le-reseau-local-de-tcna\/#breadcrumb"},"inLanguage":"fr-FR","potentialAction":[{"@type":"ReadAction","target":["https:\/\/tcnarbonne.org\/index.php\/associations-relais-le-reseau-local-de-tcna\/"]}]},{"@type":"BreadcrumbList","@id":"https:\/\/tcnarbonne.org\/index.php\/associations-relais-le-reseau-local-de-tcna\/#breadcrumb","itemListElement":[{"@type":"ListItem","position":1,"name":"Accueil","item":"https:\/\/tcnarbonne.org\/"},{"@type":"ListItem","position":2,"name":"Associations Relais-Le R\u00e9seau Local de TCNA"}]},{"@type":"WebSite","@id":"https:\/\/tcnarbonne.org\/#website","url":"https:\/\/tcnarbonne.org\/","name":"www.https:\/\/tcnarbonne.org\/","description":"Transparence des canaux de la narbonnaise","publisher":{"@id":"https:\/\/tcnarbonne.org\/#organization"},"potentialAction":[{"@type":"SearchAction","target":{"@type":"EntryPoint","urlTemplate":"https:\/\/tcnarbonne.org\/?s={search_term_string}"},"query-input":"required name=search_term_string"}],"inLanguage":"fr-FR"},{"@type":"Organization","@id":"https:\/\/tcnarbonne.org\/#organization","name":"www.https:\/\/tcnarbonne.org\/","url":"https:\/\/tcnarbonne.org\/","logo":{"@type":"ImageObject","inLanguage":"fr-FR","@id":"https:\/\/tcnarbonne.org\/#\/schema\/logo\/image\/","url":"https:\/\/tcnarbonne.org\/wp-content\/uploads\/2021\/02\/cropped-logo-TCNA-blanc-1-1.png","contentUrl":"https:\/\/tcnarbonne.org\/wp-content\/uploads\/2021\/02\/cropped-logo-TCNA-blanc-1-1.png","width":306,"height":202,"caption":"www.https:\/\/tcnarbonne.org\/"},"image":{"@id":"https:\/\/tcnarbonne.org\/#\/schema\/logo\/image\/"},"sameAs":["https:\/\/www.facebook.com\/TCNA-Transparence-des-canaux-de-la-Narbonnaise-325260501232600\/"]}]}},"_links":{"self":[{"href":"https:\/\/tcnarbonne.org\/index.php\/wp-json\/wp\/v2\/pages\/2377"}],"collection":[{"href":"https:\/\/tcnarbonne.org\/index.php\/wp-json\/wp\/v2\/pages"}],"about":[{"href":"https:\/\/tcnarbonne.org\/index.php\/wp-json\/wp\/v2\/types\/page"}],"author":[{"embeddable":true,"href":"https:\/\/tcnarbonne.org\/index.php\/wp-json\/wp\/v2\/users\/1"}],"replies":[{"embeddable":true,"href":"https:\/\/tcnarbonne.org\/index.php\/wp-json\/wp\/v2\/comments?post=2377"}],"version-history":[{"count":6,"href":"https:\/\/tcnarbonne.org\/index.php\/wp-json\/wp\/v2\/pages\/2377\/revisions"}],"predecessor-version":[{"id":2383,"href":"https:\/\/tcnarbonne.org\/index.php\/wp-json\/wp\/v2\/pages\/2377\/revisions\/2383"}],"wp:attachment":[{"href":"https:\/\/tcnarbonne.org\/index.php\/wp-json\/wp\/v2\/media?parent=2377"}],"curies":[{"name":"wp","href":"https:\/\/api.w.org\/{rel}","templated":true}]}}