{"id":2097,"date":"2017-11-03T15:24:51","date_gmt":"2017-11-03T14:24:51","guid":{"rendered":"http:\/\/tcnarbonne.org\/?page_id=2097"},"modified":"2024-04-15T13:53:37","modified_gmt":"2024-04-15T11:53:37","slug":"contact-presse","status":"publish","type":"page","link":"https:\/\/tcnarbonne.org\/index.php\/contact-presse\/","title":{"rendered":"CONTACT PRESSE"},"content":{"rendered":"<p>Pour toute demande d&#8217;interview, de renseignement ou de reportage in-situ, merci de nous contacter directement par email \u00e0 l&#8217;adresse: <a href=\"mailto:tcna.association@outlook.fr\">tcna.association[@]outlook.fr<\/a> ou au num\u00e9ro de t\u00e9l\u00e9phone <strong>07.67.04.51.02<\/strong>.<\/p>\n<p>Si nous ne pouvons pas vous r\u00e9pondre au moment de votre appel, laissez nous un message et nous vous rappellerons tr\u00e8s rapidement.<\/p>\n<p>&nbsp;<\/p>\n<p><strong>ENGLISH:<\/strong><\/p>\n<p>For more information, interview, TV report, please send us an e-mail at tcna.association[@]outlook.fr, or call +33.7.67.04.51.02.<\/p>\n<p>TCNA is a non profit organization, so please, we are not interested in any sales prospecting.<\/p>\n<p>&nbsp;<\/p>\n","protected":false},"excerpt":{"rendered":"<p>Pour toute demande d&#8217;interview, de renseignement ou de reportage in-situ, merci de nous contacter directement par email \u00e0 l&#8217;adresse: tcna.association[@]outlook.fr ou au num\u00e9ro de t\u00e9l\u00e9phone 07.67.04.51.02. Si nous ne pouvons pas vous r\u00e9pondre au&#8230;<\/p>\n","protected":false},"author":1,"featured_media":0,"parent":0,"menu_order":0,"comment_status":"closed","ping_status":"closed","template":"","meta":{"ngg_post_thumbnail":0,"footnotes":""},"yoast_head":"<!-- This site is optimized with the Yoast SEO plugin v21.1 - https:\/\/yoast.com\/wordpress\/plugins\/seo\/ -->\n<title>CONTACT PRESSE - TCNA NARBONNE<\/title>\n<meta name=\"robots\" content=\"index, follow, max-snippet:-1, max-image-preview:large, max-video-preview:-1\" \/>\n<link rel=\"canonical\" href=\"https:\/\/tcnarbonne.org\/index.php\/contact-presse\/\" \/>\n<meta property=\"og:locale\" content=\"fr_FR\" \/>\n<meta property=\"og:type\" content=\"article\" \/>\n<meta property=\"og:title\" content=\"CONTACT PRESSE - TCNA NARBONNE\" \/>\n<meta property=\"og:description\" content=\"Pour toute demande d&#8217;interview, de renseignement ou de reportage in-situ, merci de nous contacter directement par email \u00e0 l&#8217;adresse: tcna.association[@]outlook.fr ou au num\u00e9ro de t\u00e9l\u00e9phone 07.67.04.51.02. Si nous ne pouvons pas vous r\u00e9pondre au...\" \/>\n<meta property=\"og:url\" content=\"https:\/\/tcnarbonne.org\/index.php\/contact-presse\/\" \/>\n<meta property=\"og:site_name\" content=\"TCNA NARBONNE\" \/>\n<meta property=\"article:publisher\" content=\"https:\/\/www.facebook.com\/TCNA-Transparence-des-canaux-de-la-Narbonnaise-325260501232600\/\" \/>\n<meta property=\"article:modified_time\" content=\"2024-04-15T11:53:37+00:00\" \/>\n<meta name=\"twitter:card\" content=\"summary_large_image\" \/>\n<meta name=\"twitter:label1\" content=\"Dur\u00e9e de lecture estim\u00e9e\" \/>\n\t<meta name=\"twitter:data1\" content=\"1 minute\" \/>\n<script type=\"application\/ld+json\" class=\"yoast-schema-graph\">{\"@context\":\"https:\/\/schema.org\",\"@graph\":[{\"@type\":\"WebPage\",\"@id\":\"https:\/\/tcnarbonne.org\/index.php\/contact-presse\/\",\"url\":\"https:\/\/tcnarbonne.org\/index.php\/contact-presse\/\",\"name\":\"CONTACT PRESSE - TCNA NARBONNE\",\"isPartOf\":{\"@id\":\"https:\/\/tcnarbonne.org\/#website\"},\"datePublished\":\"2017-11-03T14:24:51+00:00\",\"dateModified\":\"2024-04-15T11:53:37+00:00\",\"breadcrumb\":{\"@id\":\"https:\/\/tcnarbonne.org\/index.php\/contact-presse\/#breadcrumb\"},\"inLanguage\":\"fr-FR\",\"potentialAction\":[{\"@type\":\"ReadAction\",\"target\":[\"https:\/\/tcnarbonne.org\/index.php\/contact-presse\/\"]}]},{\"@type\":\"BreadcrumbList\",\"@id\":\"https:\/\/tcnarbonne.org\/index.php\/contact-presse\/#breadcrumb\",\"itemListElement\":[{\"@type\":\"ListItem\",\"position\":1,\"name\":\"Accueil\",\"item\":\"https:\/\/tcnarbonne.org\/\"},{\"@type\":\"ListItem\",\"position\":2,\"name\":\"CONTACT PRESSE\"}]},{\"@type\":\"WebSite\",\"@id\":\"https:\/\/tcnarbonne.org\/#website\",\"url\":\"https:\/\/tcnarbonne.org\/\",\"name\":\"www.https:\/\/tcnarbonne.org\/\",\"description\":\"Transparence des canaux de la narbonnaise\",\"publisher\":{\"@id\":\"https:\/\/tcnarbonne.org\/#organization\"},\"potentialAction\":[{\"@type\":\"SearchAction\",\"target\":{\"@type\":\"EntryPoint\",\"urlTemplate\":\"https:\/\/tcnarbonne.org\/?s={search_term_string}\"},\"query-input\":\"required name=search_term_string\"}],\"inLanguage\":\"fr-FR\"},{\"@type\":\"Organization\",\"@id\":\"https:\/\/tcnarbonne.org\/#organization\",\"name\":\"www.https:\/\/tcnarbonne.org\/\",\"url\":\"https:\/\/tcnarbonne.org\/\",\"logo\":{\"@type\":\"ImageObject\",\"inLanguage\":\"fr-FR\",\"@id\":\"https:\/\/tcnarbonne.org\/#\/schema\/logo\/image\/\",\"url\":\"https:\/\/tcnarbonne.org\/wp-content\/uploads\/2021\/02\/cropped-logo-TCNA-blanc-1-1.png\",\"contentUrl\":\"https:\/\/tcnarbonne.org\/wp-content\/uploads\/2021\/02\/cropped-logo-TCNA-blanc-1-1.png\",\"width\":306,\"height\":202,\"caption\":\"www.https:\/\/tcnarbonne.org\/\"},\"image\":{\"@id\":\"https:\/\/tcnarbonne.org\/#\/schema\/logo\/image\/\"},\"sameAs\":[\"https:\/\/www.facebook.com\/TCNA-Transparence-des-canaux-de-la-Narbonnaise-325260501232600\/\"]}]}<\/script>\n<!-- \/ Yoast SEO plugin. -->","yoast_head_json":{"title":"CONTACT PRESSE - TCNA NARBONNE","robots":{"index":"index","follow":"follow","max-snippet":"max-snippet:-1","max-image-preview":"max-image-preview:large","max-video-preview":"max-video-preview:-1"},"canonical":"https:\/\/tcnarbonne.org\/index.php\/contact-presse\/","og_locale":"fr_FR","og_type":"article","og_title":"CONTACT PRESSE - TCNA NARBONNE","og_description":"Pour toute demande d&#8217;interview, de renseignement ou de reportage in-situ, merci de nous contacter directement par email \u00e0 l&#8217;adresse: tcna.association[@]outlook.fr ou au num\u00e9ro de t\u00e9l\u00e9phone 07.67.04.51.02. Si nous ne pouvons pas vous r\u00e9pondre au...","og_url":"https:\/\/tcnarbonne.org\/index.php\/contact-presse\/","og_site_name":"TCNA NARBONNE","article_publisher":"https:\/\/www.facebook.com\/TCNA-Transparence-des-canaux-de-la-Narbonnaise-325260501232600\/","article_modified_time":"2024-04-15T11:53:37+00:00","twitter_card":"summary_large_image","twitter_misc":{"Dur\u00e9e de lecture estim\u00e9e":"1 minute"},"schema":{"@context":"https:\/\/schema.org","@graph":[{"@type":"WebPage","@id":"https:\/\/tcnarbonne.org\/index.php\/contact-presse\/","url":"https:\/\/tcnarbonne.org\/index.php\/contact-presse\/","name":"CONTACT PRESSE - TCNA NARBONNE","isPartOf":{"@id":"https:\/\/tcnarbonne.org\/#website"},"datePublished":"2017-11-03T14:24:51+00:00","dateModified":"2024-04-15T11:53:37+00:00","breadcrumb":{"@id":"https:\/\/tcnarbonne.org\/index.php\/contact-presse\/#breadcrumb"},"inLanguage":"fr-FR","potentialAction":[{"@type":"ReadAction","target":["https:\/\/tcnarbonne.org\/index.php\/contact-presse\/"]}]},{"@type":"BreadcrumbList","@id":"https:\/\/tcnarbonne.org\/index.php\/contact-presse\/#breadcrumb","itemListElement":[{"@type":"ListItem","position":1,"name":"Accueil","item":"https:\/\/tcnarbonne.org\/"},{"@type":"ListItem","position":2,"name":"CONTACT PRESSE"}]},{"@type":"WebSite","@id":"https:\/\/tcnarbonne.org\/#website","url":"https:\/\/tcnarbonne.org\/","name":"www.https:\/\/tcnarbonne.org\/","description":"Transparence des canaux de la narbonnaise","publisher":{"@id":"https:\/\/tcnarbonne.org\/#organization"},"potentialAction":[{"@type":"SearchAction","target":{"@type":"EntryPoint","urlTemplate":"https:\/\/tcnarbonne.org\/?s={search_term_string}"},"query-input":"required name=search_term_string"}],"inLanguage":"fr-FR"},{"@type":"Organization","@id":"https:\/\/tcnarbonne.org\/#organization","name":"www.https:\/\/tcnarbonne.org\/","url":"https:\/\/tcnarbonne.org\/","logo":{"@type":"ImageObject","inLanguage":"fr-FR","@id":"https:\/\/tcnarbonne.org\/#\/schema\/logo\/image\/","url":"https:\/\/tcnarbonne.org\/wp-content\/uploads\/2021\/02\/cropped-logo-TCNA-blanc-1-1.png","contentUrl":"https:\/\/tcnarbonne.org\/wp-content\/uploads\/2021\/02\/cropped-logo-TCNA-blanc-1-1.png","width":306,"height":202,"caption":"www.https:\/\/tcnarbonne.org\/"},"image":{"@id":"https:\/\/tcnarbonne.org\/#\/schema\/logo\/image\/"},"sameAs":["https:\/\/www.facebook.com\/TCNA-Transparence-des-canaux-de-la-Narbonnaise-325260501232600\/"]}]}},"_links":{"self":[{"href":"https:\/\/tcnarbonne.org\/index.php\/wp-json\/wp\/v2\/pages\/2097"}],"collection":[{"href":"https:\/\/tcnarbonne.org\/index.php\/wp-json\/wp\/v2\/pages"}],"about":[{"href":"https:\/\/tcnarbonne.org\/index.php\/wp-json\/wp\/v2\/types\/page"}],"author":[{"embeddable":true,"href":"https:\/\/tcnarbonne.org\/index.php\/wp-json\/wp\/v2\/users\/1"}],"replies":[{"embeddable":true,"href":"https:\/\/tcnarbonne.org\/index.php\/wp-json\/wp\/v2\/comments?post=2097"}],"version-history":[{"count":4,"href":"https:\/\/tcnarbonne.org\/index.php\/wp-json\/wp\/v2\/pages\/2097\/revisions"}],"predecessor-version":[{"id":4438,"href":"https:\/\/tcnarbonne.org\/index.php\/wp-json\/wp\/v2\/pages\/2097\/revisions\/4438"}],"wp:attachment":[{"href":"https:\/\/tcnarbonne.org\/index.php\/wp-json\/wp\/v2\/media?parent=2097"}],"curies":[{"name":"wp","href":"https:\/\/api.w.org\/{rel}","templated":true}]}}