{"id":1840,"date":"2017-10-08T15:30:43","date_gmt":"2017-10-08T13:30:43","guid":{"rendered":"http:\/\/tcnarbonne.org\/?page_id=1840"},"modified":"2024-03-25T12:37:11","modified_gmt":"2024-03-25T11:37:11","slug":"dossier-tdn-incinerateur-nucleaire-en-occitanie","status":"publish","type":"page","link":"https:\/\/tcnarbonne.org\/index.php\/dossier-tdn-incinerateur-nucleaire-en-occitanie\/","title":{"rendered":"DOSSIER TDN-LE NUCL\u00c9AIRE EN OCCITANIE"},"content":{"rendered":"<p>L\u2019usine AREVA de Malvesi (aussi appel\u00e9e Comurhex) dans l\u2019AUDE est la plus grande usine de conversion de l\u2019uranium au monde depuis 1958.<\/p>\n<p>Elle produit la totalit\u00e9 du combustible pour les centrales nucl\u00e9aires fran\u00e7aises, et un quart de la production mondiale d\u2019uranium. Elle a aussi trait\u00e9 pendant 23 ans du combustible nucl\u00e9aire usag\u00e9 provenant de centrales nucl\u00e9aires et a stock\u00e9 du plutonium dans ses bassins de d\u00e9cantation.<\/p>\n<p>Apr\u00e8s extraction des mines dans les pays producteurs (Kazakhstan, Niger, Canada, Namibie), l\u2019uranium concentr\u00e9 sous forme d\u2019une m\u00e9lasse jaune appel\u00e9 \u00ab&nbsp;yellow cake&nbsp;\u00bb est achemin\u00e9 par bateaux dans les ports de S\u00e8te, Fos Sur Mer ou Le Havre, et par train jusqu&#8217;\u00e0 Narbonne.<\/p>\n<p>Ce \u00ab&nbsp;yellow cake&nbsp;\u00bb est de l\u2019uranium concentr\u00e9, il est radioactif et toxique pour l\u2019homme sans seuil d\u2019innocuit\u00e9 (la plus infime dose est dangereuse).<\/p>\n<p>Le minerai va subir \u00e0 l&#8217;usine Comurhex NARBONNE une succession de transformations physico-chimique pour \u00eatre transform\u00e9 en \u00ab&nbsp;sel vert&nbsp;\u00bb commun\u00e9ment d\u00e9nomm\u00e9 \u00ab&nbsp;UF4&nbsp;\u00bb.<\/p>\n<p>Cet \u00ab&nbsp;UF4&nbsp;\u00bb est hautement radioactif, il part ensuite par convois sp\u00e9ciaux en train \u00e0 l\u2019usine Comurhex de TRICASTIN pour subir une seconde transformation, et devenir l\u2019&nbsp;\u00ab&nbsp;UF6&nbsp;\u00bb gazeux tr\u00e8s fortement radioactif pour alimenter les r\u00e9acteurs des centrales nucl\u00e9aires.<\/p>\n<p>La phase de conversion de l&#8217;uranium \u00e0 la Comurhex de NARBONNE utilise des produits chimiques tr\u00e8s dangereux pour l\u2019homme, nocifs et toxiques pour l\u2019environnement (acide fluorhydrique, acide nitrique\u2026).<\/p>\n<p>Cette activit\u00e9 entraine aussi une quantit\u00e9 consid\u00e9rable de d\u00e9chets solides et liquides radioactifs qui sont stock\u00e9s sur 20 Hectares dans des bassins d\u2019\u00e9vaporation, \u00e0 2 km du centre-ville de NARBONNE.<\/p>\n<p>Ces d\u00e9chets nucl\u00e9aires repr\u00e9sentent environ 1&nbsp;000&nbsp;000 m3, soit 50 ans d\u2019exploitation de l\u2019usine avec cent mille milliards de Becquerels d\u2019activit\u00e9 radioactive (source Wikip\u00e9dia).<\/p>\n<p>Apr\u00e8s plusieurs accidents et notamment en 2004 lors des inondations, une rupture de digue des bassins B1 et B2 avec d\u00e9versement d&#8217;environ 30 000m3 de boues radioactives nitrat\u00e9es autour du site, l\u2019usine a \u00e9t\u00e9 en partie class\u00e9e INB Installation Nucl\u00e9aire de Base, en plus d\u2019\u00eatre class\u00e9e ICPE et SEVESO2 pour sa dangerosit\u00e9. (Source Wise)<\/p>\n<p>Aujourd\u2019hui, AREVA qui n\u2019a plus de place pour stocker ses d\u00e9chets doit trouver une solution pour les \u00e9liminer.<\/p>\n<p>Elle souhaite exploiter d\u2019ici 2019 un proc\u00e9d\u00e9 exp\u00e9rimental, qui se pr\u00e9nomme TDN\/THOR et qui va rejeter environ 30000m3 par jour de fum\u00e9es toxiques dans l&#8217;air de notre r\u00e9gion Occitanie.<\/p>\n<p>TDN produira de l\u2019hydrog\u00e8ne (explosif au contact de l\u2019air) ainsi qu\u2019une quantit\u00e9 de polluants atmosph\u00e9riques, de compos\u00e9s organiques volatils nocifs pour la sant\u00e9 et l\u2019environnement.<a href=\"http:\/\/tcnarbonne.org\/wp-content\/uploads\/2017\/10\/Presentation-YL-CM-6-avril.pdf\">(voir pr\u00e9sentation conf\u00e9rence Professeur Yves LENOIR<\/a>).<\/p>\n<p>De plus, le proc\u00e9d\u00e9 consommera des quantit\u00e9s ph\u00e9nom\u00e9nales d\u2019eau, d\u2019\u00e9lectricit\u00e9, de charbon, et rejettera dans le milieux naturel des effluents issus de ce proc\u00e9d\u00e9 qui est cens\u00e9 fixer les particules radioactives dans des matrices d\u2019argile cuit, pour finir entrepos\u00e9s \u00e0 vie dans des centres d&#8217;enfouissement de l&#8217;ANDRA.<\/p>\n<p>Ce dossier regroupe donc toutes les informations provenant de diff\u00e9rentes sources, pour aider les internautes \u00e0 se faire une id\u00e9e sur les dangers que repr\u00e9sente un tel projet pour les habitants de la r\u00e9gion, il est utile de pr\u00e9ciser que les fum\u00e9es ne s\u2019arr\u00eateront pas aux fronti\u00e8res du d\u00e9partement de l&#8217;Aude.<\/p>\n<p><em>Sources : Wikipedia, Wise, Rubresus, SDN11,Les Familles Papillon<\/em><\/p>\n<p>&nbsp;<\/p>\n<p><strong>Pour aller plus loin<\/strong><\/p>\n<div class=\"x_x_elementToProof\">\ud83d\udcfb \u00c9coutez<mark><\/mark> l&#8217;interview donn\u00e9 en octobre 2019 par Juliette Schweitzer, Karine Michils et Titouan Billon \u00e0 la radio Lenga d&#8217;Oc. Chiffres \u00e0 l&#8217;appui, cet interview explique les enjeux du TDN\/THOR pour le territoire narbonnais.<\/div>\n<div>&nbsp;<\/div>\n<!--[if lt IE 9]><script>document.createElement('audio');<\/script><![endif]-->\n<audio class=\"wp-audio-shortcode\" id=\"audio-1840-1\" preload=\"none\" style=\"width: 100%;\" controls=\"controls\"><source type=\"audio\/mpeg\" src=\"https:\/\/tcnarbonne.org\/wp-content\/uploads\/2024\/03\/2029-10-01-RADIO-LENGADOC_INTERVIEW_proces_malvesi.mp3?_=1\" \/><a href=\"https:\/\/tcnarbonne.org\/wp-content\/uploads\/2024\/03\/2029-10-01-RADIO-LENGADOC_INTERVIEW_proces_malvesi.mp3\">https:\/\/tcnarbonne.org\/wp-content\/uploads\/2024\/03\/2029-10-01-RADIO-LENGADOC_INTERVIEW_proces_malvesi.mp3<\/a><\/audio>\n<p>&nbsp;<\/p>\n<p>Consultez notre <a href=\"http:\/\/tcnarbonne.org\/index.php\/centre-de-documentation\/\">centre de documentation.<\/a><\/p>\n","protected":false},"excerpt":{"rendered":"<p>L\u2019usine AREVA de Malvesi (aussi appel\u00e9e Comurhex) dans l\u2019AUDE est la plus grande usine de conversion de l\u2019uranium au monde depuis 1958. Elle produit la totalit\u00e9 du combustible pour les centrales nucl\u00e9aires fran\u00e7aises, et&#8230;<\/p>\n","protected":false},"author":1,"featured_media":1488,"parent":0,"menu_order":0,"comment_status":"closed","ping_status":"closed","template":"","meta":{"ngg_post_thumbnail":0,"footnotes":""},"yoast_head":"<!-- This site is optimized with the Yoast SEO plugin v21.1 - https:\/\/yoast.com\/wordpress\/plugins\/seo\/ -->\n<title>DOSSIER TDN-LE NUCL\u00c9AIRE EN OCCITANIE - TCNA NARBONNE<\/title>\n<meta name=\"robots\" content=\"index, follow, max-snippet:-1, max-image-preview:large, max-video-preview:-1\" \/>\n<link rel=\"canonical\" href=\"https:\/\/tcnarbonne.org\/index.php\/dossier-tdn-incinerateur-nucleaire-en-occitanie\/\" \/>\n<meta property=\"og:locale\" content=\"fr_FR\" \/>\n<meta property=\"og:type\" content=\"article\" \/>\n<meta property=\"og:title\" content=\"DOSSIER TDN-LE NUCL\u00c9AIRE EN OCCITANIE - TCNA NARBONNE\" \/>\n<meta property=\"og:description\" content=\"L\u2019usine AREVA de Malvesi (aussi appel\u00e9e Comurhex) dans l\u2019AUDE est la plus grande usine de conversion de l\u2019uranium au monde depuis 1958. Elle produit la totalit\u00e9 du combustible pour les centrales nucl\u00e9aires fran\u00e7aises, et...\" \/>\n<meta property=\"og:url\" content=\"https:\/\/tcnarbonne.org\/index.php\/dossier-tdn-incinerateur-nucleaire-en-occitanie\/\" \/>\n<meta property=\"og:site_name\" content=\"TCNA NARBONNE\" \/>\n<meta property=\"article:publisher\" content=\"https:\/\/www.facebook.com\/TCNA-Transparence-des-canaux-de-la-Narbonnaise-325260501232600\/\" \/>\n<meta property=\"article:modified_time\" content=\"2024-03-25T11:37:11+00:00\" \/>\n<meta property=\"og:image\" content=\"https:\/\/tcnarbonne.org\/wp-content\/uploads\/2017\/07\/malvesi-areva-investit-80-meur-pour-traiter-ses-dechets-nitr_801003_800x600.jpg\" \/>\n\t<meta property=\"og:image:width\" content=\"800\" \/>\n\t<meta property=\"og:image:height\" content=\"600\" \/>\n\t<meta property=\"og:image:type\" content=\"image\/jpeg\" \/>\n<meta name=\"twitter:card\" content=\"summary_large_image\" \/>\n<meta name=\"twitter:label1\" content=\"Dur\u00e9e de lecture estim\u00e9e\" \/>\n\t<meta name=\"twitter:data1\" content=\"3 minutes\" \/>\n<script type=\"application\/ld+json\" class=\"yoast-schema-graph\">{\"@context\":\"https:\/\/schema.org\",\"@graph\":[{\"@type\":\"WebPage\",\"@id\":\"https:\/\/tcnarbonne.org\/index.php\/dossier-tdn-incinerateur-nucleaire-en-occitanie\/\",\"url\":\"https:\/\/tcnarbonne.org\/index.php\/dossier-tdn-incinerateur-nucleaire-en-occitanie\/\",\"name\":\"DOSSIER TDN-LE NUCL\u00c9AIRE EN OCCITANIE - TCNA NARBONNE\",\"isPartOf\":{\"@id\":\"https:\/\/tcnarbonne.org\/#website\"},\"datePublished\":\"2017-10-08T13:30:43+00:00\",\"dateModified\":\"2024-03-25T11:37:11+00:00\",\"breadcrumb\":{\"@id\":\"https:\/\/tcnarbonne.org\/index.php\/dossier-tdn-incinerateur-nucleaire-en-occitanie\/#breadcrumb\"},\"inLanguage\":\"fr-FR\",\"potentialAction\":[{\"@type\":\"ReadAction\",\"target\":[\"https:\/\/tcnarbonne.org\/index.php\/dossier-tdn-incinerateur-nucleaire-en-occitanie\/\"]}]},{\"@type\":\"BreadcrumbList\",\"@id\":\"https:\/\/tcnarbonne.org\/index.php\/dossier-tdn-incinerateur-nucleaire-en-occitanie\/#breadcrumb\",\"itemListElement\":[{\"@type\":\"ListItem\",\"position\":1,\"name\":\"Accueil\",\"item\":\"https:\/\/tcnarbonne.org\/\"},{\"@type\":\"ListItem\",\"position\":2,\"name\":\"DOSSIER TDN-LE NUCL\u00c9AIRE EN OCCITANIE\"}]},{\"@type\":\"WebSite\",\"@id\":\"https:\/\/tcnarbonne.org\/#website\",\"url\":\"https:\/\/tcnarbonne.org\/\",\"name\":\"www.https:\/\/tcnarbonne.org\/\",\"description\":\"Transparence des canaux de la narbonnaise\",\"publisher\":{\"@id\":\"https:\/\/tcnarbonne.org\/#organization\"},\"potentialAction\":[{\"@type\":\"SearchAction\",\"target\":{\"@type\":\"EntryPoint\",\"urlTemplate\":\"https:\/\/tcnarbonne.org\/?s={search_term_string}\"},\"query-input\":\"required name=search_term_string\"}],\"inLanguage\":\"fr-FR\"},{\"@type\":\"Organization\",\"@id\":\"https:\/\/tcnarbonne.org\/#organization\",\"name\":\"www.https:\/\/tcnarbonne.org\/\",\"url\":\"https:\/\/tcnarbonne.org\/\",\"logo\":{\"@type\":\"ImageObject\",\"inLanguage\":\"fr-FR\",\"@id\":\"https:\/\/tcnarbonne.org\/#\/schema\/logo\/image\/\",\"url\":\"https:\/\/tcnarbonne.org\/wp-content\/uploads\/2021\/02\/cropped-logo-TCNA-blanc-1-1.png\",\"contentUrl\":\"https:\/\/tcnarbonne.org\/wp-content\/uploads\/2021\/02\/cropped-logo-TCNA-blanc-1-1.png\",\"width\":306,\"height\":202,\"caption\":\"www.https:\/\/tcnarbonne.org\/\"},\"image\":{\"@id\":\"https:\/\/tcnarbonne.org\/#\/schema\/logo\/image\/\"},\"sameAs\":[\"https:\/\/www.facebook.com\/TCNA-Transparence-des-canaux-de-la-Narbonnaise-325260501232600\/\"]}]}<\/script>\n<!-- \/ Yoast SEO plugin. -->","yoast_head_json":{"title":"DOSSIER TDN-LE NUCL\u00c9AIRE EN OCCITANIE - TCNA NARBONNE","robots":{"index":"index","follow":"follow","max-snippet":"max-snippet:-1","max-image-preview":"max-image-preview:large","max-video-preview":"max-video-preview:-1"},"canonical":"https:\/\/tcnarbonne.org\/index.php\/dossier-tdn-incinerateur-nucleaire-en-occitanie\/","og_locale":"fr_FR","og_type":"article","og_title":"DOSSIER TDN-LE NUCL\u00c9AIRE EN OCCITANIE - TCNA NARBONNE","og_description":"L\u2019usine AREVA de Malvesi (aussi appel\u00e9e Comurhex) dans l\u2019AUDE est la plus grande usine de conversion de l\u2019uranium au monde depuis 1958. Elle produit la totalit\u00e9 du combustible pour les centrales nucl\u00e9aires fran\u00e7aises, et...","og_url":"https:\/\/tcnarbonne.org\/index.php\/dossier-tdn-incinerateur-nucleaire-en-occitanie\/","og_site_name":"TCNA NARBONNE","article_publisher":"https:\/\/www.facebook.com\/TCNA-Transparence-des-canaux-de-la-Narbonnaise-325260501232600\/","article_modified_time":"2024-03-25T11:37:11+00:00","og_image":[{"width":800,"height":600,"url":"https:\/\/tcnarbonne.org\/wp-content\/uploads\/2017\/07\/malvesi-areva-investit-80-meur-pour-traiter-ses-dechets-nitr_801003_800x600.jpg","type":"image\/jpeg"}],"twitter_card":"summary_large_image","twitter_misc":{"Dur\u00e9e de lecture estim\u00e9e":"3 minutes"},"schema":{"@context":"https:\/\/schema.org","@graph":[{"@type":"WebPage","@id":"https:\/\/tcnarbonne.org\/index.php\/dossier-tdn-incinerateur-nucleaire-en-occitanie\/","url":"https:\/\/tcnarbonne.org\/index.php\/dossier-tdn-incinerateur-nucleaire-en-occitanie\/","name":"DOSSIER TDN-LE NUCL\u00c9AIRE EN OCCITANIE - TCNA NARBONNE","isPartOf":{"@id":"https:\/\/tcnarbonne.org\/#website"},"datePublished":"2017-10-08T13:30:43+00:00","dateModified":"2024-03-25T11:37:11+00:00","breadcrumb":{"@id":"https:\/\/tcnarbonne.org\/index.php\/dossier-tdn-incinerateur-nucleaire-en-occitanie\/#breadcrumb"},"inLanguage":"fr-FR","potentialAction":[{"@type":"ReadAction","target":["https:\/\/tcnarbonne.org\/index.php\/dossier-tdn-incinerateur-nucleaire-en-occitanie\/"]}]},{"@type":"BreadcrumbList","@id":"https:\/\/tcnarbonne.org\/index.php\/dossier-tdn-incinerateur-nucleaire-en-occitanie\/#breadcrumb","itemListElement":[{"@type":"ListItem","position":1,"name":"Accueil","item":"https:\/\/tcnarbonne.org\/"},{"@type":"ListItem","position":2,"name":"DOSSIER TDN-LE NUCL\u00c9AIRE EN OCCITANIE"}]},{"@type":"WebSite","@id":"https:\/\/tcnarbonne.org\/#website","url":"https:\/\/tcnarbonne.org\/","name":"www.https:\/\/tcnarbonne.org\/","description":"Transparence des canaux de la narbonnaise","publisher":{"@id":"https:\/\/tcnarbonne.org\/#organization"},"potentialAction":[{"@type":"SearchAction","target":{"@type":"EntryPoint","urlTemplate":"https:\/\/tcnarbonne.org\/?s={search_term_string}"},"query-input":"required name=search_term_string"}],"inLanguage":"fr-FR"},{"@type":"Organization","@id":"https:\/\/tcnarbonne.org\/#organization","name":"www.https:\/\/tcnarbonne.org\/","url":"https:\/\/tcnarbonne.org\/","logo":{"@type":"ImageObject","inLanguage":"fr-FR","@id":"https:\/\/tcnarbonne.org\/#\/schema\/logo\/image\/","url":"https:\/\/tcnarbonne.org\/wp-content\/uploads\/2021\/02\/cropped-logo-TCNA-blanc-1-1.png","contentUrl":"https:\/\/tcnarbonne.org\/wp-content\/uploads\/2021\/02\/cropped-logo-TCNA-blanc-1-1.png","width":306,"height":202,"caption":"www.https:\/\/tcnarbonne.org\/"},"image":{"@id":"https:\/\/tcnarbonne.org\/#\/schema\/logo\/image\/"},"sameAs":["https:\/\/www.facebook.com\/TCNA-Transparence-des-canaux-de-la-Narbonnaise-325260501232600\/"]}]}},"_links":{"self":[{"href":"https:\/\/tcnarbonne.org\/index.php\/wp-json\/wp\/v2\/pages\/1840"}],"collection":[{"href":"https:\/\/tcnarbonne.org\/index.php\/wp-json\/wp\/v2\/pages"}],"about":[{"href":"https:\/\/tcnarbonne.org\/index.php\/wp-json\/wp\/v2\/types\/page"}],"author":[{"embeddable":true,"href":"https:\/\/tcnarbonne.org\/index.php\/wp-json\/wp\/v2\/users\/1"}],"replies":[{"embeddable":true,"href":"https:\/\/tcnarbonne.org\/index.php\/wp-json\/wp\/v2\/comments?post=1840"}],"version-history":[{"count":25,"href":"https:\/\/tcnarbonne.org\/index.php\/wp-json\/wp\/v2\/pages\/1840\/revisions"}],"predecessor-version":[{"id":4420,"href":"https:\/\/tcnarbonne.org\/index.php\/wp-json\/wp\/v2\/pages\/1840\/revisions\/4420"}],"wp:featuredmedia":[{"embeddable":true,"href":"https:\/\/tcnarbonne.org\/index.php\/wp-json\/wp\/v2\/media\/1488"}],"wp:attachment":[{"href":"https:\/\/tcnarbonne.org\/index.php\/wp-json\/wp\/v2\/media?parent=1840"}],"curies":[{"name":"wp","href":"https:\/\/api.w.org\/{rel}","templated":true}]}}