{"id":17,"date":"2016-02-12T08:09:36","date_gmt":"2016-02-12T08:09:36","guid":{"rendered":"http:\/\/demos.famethemes.com\/onepress\/?page_id=17"},"modified":"2017-08-19T14:10:30","modified_gmt":"2017-08-19T12:10:30","slug":"our-history","status":"publish","type":"page","link":"https:\/\/tcnarbonne.org\/index.php\/our-history\/","title":{"rendered":"La sant\u00e9 des narbonnaises et narbonnais en danger!"},"content":{"rendered":"<p>PCB, pesticides, uranium, acide fluorhydrique, ammoniaque, nitrates, produits toxiques, agents chimiques&#8230;<\/p>\n<p><strong>Narbonne est une v\u00e9ritable petite Camargue audoise, avec ses canaux qui sillonnent la ville, de part en part, la Mayral, le Tauran, et le canal de la Robine. Ce dernier est class\u00e9 au patrimoine mondial de l\u2019UNESCO et termine sa course dans la M\u00e9diterran\u00e9e, \u00e0 Port la Nouvelle.<\/strong><\/p>\n<p><strong>Plusieurs activit\u00e9s industrielles ont contribu\u00e9 depuis une cinquantaine d\u2019ann\u00e9es \u00e0 polluer les cours d\u2019eau autour de Narbonne : pollutions aux PCB (polychlorobiph\u00e9nyles), aux nitrates, \u00e0 l\u2019ammoniaque, \u00e0 l\u2019uranium, aux pesticides,et au cadmiun (Sct\u00e9 Languedoc Micron Couleur)&#8230;et d&#8217;autres&#8230;<img loading=\"lazy\" decoding=\"async\" class=\"aligncenter size-full wp-image-179\" src=\"http:\/\/tcnarbonne.org\/wp-content\/uploads\/2017\/07\/symboles-danger.jpg\" alt=\"\" width=\"600\" height=\"297\" srcset=\"https:\/\/tcnarbonne.org\/wp-content\/uploads\/2017\/07\/symboles-danger.jpg 600w, https:\/\/tcnarbonne.org\/wp-content\/uploads\/2017\/07\/symboles-danger-300x149.jpg 300w\" sizes=\"(max-width: 600px) 100vw, 600px\" \/><\/strong><\/p>\n<p><strong>Aujourd\u2019hui, et apr\u00e8s la rupture d&#8217;une digue des bassins B1 et B2 de l\u2019usine Comurhex Malvesi en 2004 (situ\u00e9e sur la commune de Narbonne), les cours d\u2019eau font toujours l\u2019objet de questionnements sur leur \u00e9tat et le danger qu\u2019ils font courir aux populations, dans l&#8217;onglet &#8220;documents&#8221; de ce site, vous pouvez retrouver l&#8217;ensemble des pi\u00e8ces techniques pour vous en donner une id\u00e9e&nbsp;<a href=\"http:\/\/tcnarbonne.org\/index.php\/centre-de-documentation\/\">cliquez ici<\/a>.<img loading=\"lazy\" decoding=\"async\" class=\"aligncenter wp-image-205 size-medium\" src=\"http:\/\/tcnarbonne.org\/wp-content\/uploads\/2017\/07\/panneau-de-danger-300x274.png\" alt=\"\" width=\"300\" height=\"274\" srcset=\"https:\/\/tcnarbonne.org\/wp-content\/uploads\/2017\/07\/panneau-de-danger-300x274.png 300w, https:\/\/tcnarbonne.org\/wp-content\/uploads\/2017\/07\/panneau-de-danger.png 380w\" sizes=\"(max-width: 300px) 100vw, 300px\" \/><\/strong><\/p>\n<p><strong>De plus, il faut \u00e9tendre ce questionnement aux nappes phr\u00e9atiques, l\u2019eau pollu\u00e9e des canaux s\u2019infiltrent naturellement dans les couches terrestres, rendant l\u2019eau des forages et puits possiblement impropres \u00e0 l\u2019arrosage.<\/strong><\/p>\n<p><strong>Les eaux du canal de la Robine ainsi que celles du Tauran sont utilis\u00e9es pour l\u2019arrosage des mara\u00eechers, des cultures, l\u2019inondation des vignes et des rizi\u00e8res.<\/strong><\/p>\n<p><strong>En outre, ces deux cours d&#8217;eau sont frapp\u00e9s d&#8217;une interdiction de commercialisation et de consommation de poissons d&#8217;eau douce (toutes esp\u00e8ces) par arr\u00eat\u00e9 pr\u00e9fectoral depuis le 30\/11\/2011 pour une contamination par les PCB&nbsp;(polychlorobiph\u00e9nyles).<\/strong><\/p>\n<p><strong>Les Narbonnaises et Narbonnais qui travaillent tous les jours au contact de cette eau, qu&#8217;ils soient agriculteurs, vignerons, mara\u00eechers, sont les premi\u00e8res victimes potentielles de ces pollutions diffuses et hautement toxiques.<\/strong><\/p>\n<p><strong>Le canal de la Robine est aussi tr\u00e8s fr\u00e9quent\u00e9 par le tourisme fluvial, les p\u00eacheurs amateurs et les enfants qui s\u2019y baignent ont une m\u00e9connaissance totale du danger.<\/strong><\/p>\n<p><strong><em>C\u2019est fort de ses interrogations, qu\u2019un collectif de citoyens Narbonnais apolitique a vu le jour.<\/em><\/strong><\/p>\n<p><strong>Cette situation trop longtemps pass\u00e9e sous silence nous interroge.<\/strong><\/p>\n<p><strong>L&#8217;association&nbsp;TCNA \u00ab&nbsp;Transparence des Canaux de la Narbonnaise&nbsp;\u00bb,&nbsp;a vu le jour, pour faire la lumi\u00e8re et toute la lumi\u00e8re sur ces questions vitales li\u00e9es \u00e0 l\u2019eau et \u00e0 la sant\u00e9 des habitants de la Narbonnaise.<\/strong><\/p>\n<p><strong>Comprendre le pass\u00e9, analyser le pr\u00e9sent et agir pour le futur, tels sont les objectifs de notre association qui se bat pour vous, pour votre sant\u00e9 et pour plus de transparence aupr\u00e8s des pouvoirs publics.<\/strong><\/p>\n<p><img loading=\"lazy\" decoding=\"async\" class=\"aligncenter size-full wp-image-6\" src=\"http:\/\/tcnarbonne.org\/wp-content\/uploads\/2017\/07\/trame_bages_bon_com.jpg\" alt=\"\" width=\"1920\" height=\"1280\" srcset=\"https:\/\/tcnarbonne.org\/wp-content\/uploads\/2017\/07\/trame_bages_bon_com.jpg 1920w, https:\/\/tcnarbonne.org\/wp-content\/uploads\/2017\/07\/trame_bages_bon_com-300x200.jpg 300w, https:\/\/tcnarbonne.org\/wp-content\/uploads\/2017\/07\/trame_bages_bon_com-768x512.jpg 768w, https:\/\/tcnarbonne.org\/wp-content\/uploads\/2017\/07\/trame_bages_bon_com-1024x683.jpg 1024w, https:\/\/tcnarbonne.org\/wp-content\/uploads\/2017\/07\/trame_bages_bon_com-600x400.jpg 600w\" sizes=\"(max-width: 1920px) 100vw, 1920px\" \/><\/p>\n","protected":false},"excerpt":{"rendered":"<p>Nullam ut tempor eros. Donec faucibus, velit et imperdiet aliquam, lacus velit luctus urna, vitae porttitor orci libero id felis.<\/p>\n","protected":false},"author":1,"featured_media":7,"parent":0,"menu_order":0,"comment_status":"closed","ping_status":"closed","template":"","meta":{"ngg_post_thumbnail":0,"footnotes":""},"yoast_head":"<!-- This site is optimized with the Yoast SEO plugin v21.1 - https:\/\/yoast.com\/wordpress\/plugins\/seo\/ -->\n<title>La sant\u00e9 des narbonnaises et narbonnais en danger! - TCNA NARBONNE<\/title>\n<meta name=\"robots\" content=\"index, follow, max-snippet:-1, max-image-preview:large, max-video-preview:-1\" \/>\n<link rel=\"canonical\" href=\"https:\/\/tcnarbonne.org\/index.php\/our-history\/\" \/>\n<meta property=\"og:locale\" content=\"fr_FR\" \/>\n<meta property=\"og:type\" content=\"article\" \/>\n<meta property=\"og:title\" content=\"La sant\u00e9 des narbonnaises et narbonnais en danger! - TCNA NARBONNE\" \/>\n<meta property=\"og:description\" content=\"Nullam ut tempor eros. Donec faucibus, velit et imperdiet aliquam, lacus velit luctus urna, vitae porttitor orci libero id felis.\" \/>\n<meta property=\"og:url\" content=\"https:\/\/tcnarbonne.org\/index.php\/our-history\/\" \/>\n<meta property=\"og:site_name\" content=\"TCNA NARBONNE\" \/>\n<meta property=\"article:publisher\" content=\"https:\/\/www.facebook.com\/TCNA-Transparence-des-canaux-de-la-Narbonnaise-325260501232600\/\" \/>\n<meta property=\"article:modified_time\" content=\"2017-08-19T12:10:30+00:00\" \/>\n<meta property=\"og:image\" content=\"https:\/\/tcnarbonne.org\/wp-content\/uploads\/2017\/07\/trame_jardin_cheminots_com.jpg\" \/>\n\t<meta property=\"og:image:width\" content=\"1920\" \/>\n\t<meta property=\"og:image:height\" content=\"1280\" \/>\n\t<meta property=\"og:image:type\" content=\"image\/jpeg\" \/>\n<meta name=\"twitter:card\" content=\"summary_large_image\" \/>\n<meta name=\"twitter:label1\" content=\"Dur\u00e9e de lecture estim\u00e9e\" \/>\n\t<meta name=\"twitter:data1\" content=\"2 minutes\" \/>\n<script type=\"application\/ld+json\" class=\"yoast-schema-graph\">{\"@context\":\"https:\/\/schema.org\",\"@graph\":[{\"@type\":\"WebPage\",\"@id\":\"https:\/\/tcnarbonne.org\/index.php\/our-history\/\",\"url\":\"https:\/\/tcnarbonne.org\/index.php\/our-history\/\",\"name\":\"La sant\u00e9 des narbonnaises et narbonnais en danger! - TCNA NARBONNE\",\"isPartOf\":{\"@id\":\"https:\/\/tcnarbonne.org\/#website\"},\"datePublished\":\"2016-02-12T08:09:36+00:00\",\"dateModified\":\"2017-08-19T12:10:30+00:00\",\"breadcrumb\":{\"@id\":\"https:\/\/tcnarbonne.org\/index.php\/our-history\/#breadcrumb\"},\"inLanguage\":\"fr-FR\",\"potentialAction\":[{\"@type\":\"ReadAction\",\"target\":[\"https:\/\/tcnarbonne.org\/index.php\/our-history\/\"]}]},{\"@type\":\"BreadcrumbList\",\"@id\":\"https:\/\/tcnarbonne.org\/index.php\/our-history\/#breadcrumb\",\"itemListElement\":[{\"@type\":\"ListItem\",\"position\":1,\"name\":\"Accueil\",\"item\":\"https:\/\/tcnarbonne.org\/\"},{\"@type\":\"ListItem\",\"position\":2,\"name\":\"La sant\u00e9 des narbonnaises et narbonnais en danger!\"}]},{\"@type\":\"WebSite\",\"@id\":\"https:\/\/tcnarbonne.org\/#website\",\"url\":\"https:\/\/tcnarbonne.org\/\",\"name\":\"www.https:\/\/tcnarbonne.org\/\",\"description\":\"Transparence des canaux de la narbonnaise\",\"publisher\":{\"@id\":\"https:\/\/tcnarbonne.org\/#organization\"},\"potentialAction\":[{\"@type\":\"SearchAction\",\"target\":{\"@type\":\"EntryPoint\",\"urlTemplate\":\"https:\/\/tcnarbonne.org\/?s={search_term_string}\"},\"query-input\":\"required name=search_term_string\"}],\"inLanguage\":\"fr-FR\"},{\"@type\":\"Organization\",\"@id\":\"https:\/\/tcnarbonne.org\/#organization\",\"name\":\"www.https:\/\/tcnarbonne.org\/\",\"url\":\"https:\/\/tcnarbonne.org\/\",\"logo\":{\"@type\":\"ImageObject\",\"inLanguage\":\"fr-FR\",\"@id\":\"https:\/\/tcnarbonne.org\/#\/schema\/logo\/image\/\",\"url\":\"https:\/\/tcnarbonne.org\/wp-content\/uploads\/2021\/02\/cropped-logo-TCNA-blanc-1-1.png\",\"contentUrl\":\"https:\/\/tcnarbonne.org\/wp-content\/uploads\/2021\/02\/cropped-logo-TCNA-blanc-1-1.png\",\"width\":306,\"height\":202,\"caption\":\"www.https:\/\/tcnarbonne.org\/\"},\"image\":{\"@id\":\"https:\/\/tcnarbonne.org\/#\/schema\/logo\/image\/\"},\"sameAs\":[\"https:\/\/www.facebook.com\/TCNA-Transparence-des-canaux-de-la-Narbonnaise-325260501232600\/\"]}]}<\/script>\n<!-- \/ Yoast SEO plugin. -->","yoast_head_json":{"title":"La sant\u00e9 des narbonnaises et narbonnais en danger! - TCNA NARBONNE","robots":{"index":"index","follow":"follow","max-snippet":"max-snippet:-1","max-image-preview":"max-image-preview:large","max-video-preview":"max-video-preview:-1"},"canonical":"https:\/\/tcnarbonne.org\/index.php\/our-history\/","og_locale":"fr_FR","og_type":"article","og_title":"La sant\u00e9 des narbonnaises et narbonnais en danger! - TCNA NARBONNE","og_description":"Nullam ut tempor eros. Donec faucibus, velit et imperdiet aliquam, lacus velit luctus urna, vitae porttitor orci libero id felis.","og_url":"https:\/\/tcnarbonne.org\/index.php\/our-history\/","og_site_name":"TCNA NARBONNE","article_publisher":"https:\/\/www.facebook.com\/TCNA-Transparence-des-canaux-de-la-Narbonnaise-325260501232600\/","article_modified_time":"2017-08-19T12:10:30+00:00","og_image":[{"width":1920,"height":1280,"url":"https:\/\/tcnarbonne.org\/wp-content\/uploads\/2017\/07\/trame_jardin_cheminots_com.jpg","type":"image\/jpeg"}],"twitter_card":"summary_large_image","twitter_misc":{"Dur\u00e9e de lecture estim\u00e9e":"2 minutes"},"schema":{"@context":"https:\/\/schema.org","@graph":[{"@type":"WebPage","@id":"https:\/\/tcnarbonne.org\/index.php\/our-history\/","url":"https:\/\/tcnarbonne.org\/index.php\/our-history\/","name":"La sant\u00e9 des narbonnaises et narbonnais en danger! - TCNA NARBONNE","isPartOf":{"@id":"https:\/\/tcnarbonne.org\/#website"},"datePublished":"2016-02-12T08:09:36+00:00","dateModified":"2017-08-19T12:10:30+00:00","breadcrumb":{"@id":"https:\/\/tcnarbonne.org\/index.php\/our-history\/#breadcrumb"},"inLanguage":"fr-FR","potentialAction":[{"@type":"ReadAction","target":["https:\/\/tcnarbonne.org\/index.php\/our-history\/"]}]},{"@type":"BreadcrumbList","@id":"https:\/\/tcnarbonne.org\/index.php\/our-history\/#breadcrumb","itemListElement":[{"@type":"ListItem","position":1,"name":"Accueil","item":"https:\/\/tcnarbonne.org\/"},{"@type":"ListItem","position":2,"name":"La sant\u00e9 des narbonnaises et narbonnais en danger!"}]},{"@type":"WebSite","@id":"https:\/\/tcnarbonne.org\/#website","url":"https:\/\/tcnarbonne.org\/","name":"www.https:\/\/tcnarbonne.org\/","description":"Transparence des canaux de la narbonnaise","publisher":{"@id":"https:\/\/tcnarbonne.org\/#organization"},"potentialAction":[{"@type":"SearchAction","target":{"@type":"EntryPoint","urlTemplate":"https:\/\/tcnarbonne.org\/?s={search_term_string}"},"query-input":"required name=search_term_string"}],"inLanguage":"fr-FR"},{"@type":"Organization","@id":"https:\/\/tcnarbonne.org\/#organization","name":"www.https:\/\/tcnarbonne.org\/","url":"https:\/\/tcnarbonne.org\/","logo":{"@type":"ImageObject","inLanguage":"fr-FR","@id":"https:\/\/tcnarbonne.org\/#\/schema\/logo\/image\/","url":"https:\/\/tcnarbonne.org\/wp-content\/uploads\/2021\/02\/cropped-logo-TCNA-blanc-1-1.png","contentUrl":"https:\/\/tcnarbonne.org\/wp-content\/uploads\/2021\/02\/cropped-logo-TCNA-blanc-1-1.png","width":306,"height":202,"caption":"www.https:\/\/tcnarbonne.org\/"},"image":{"@id":"https:\/\/tcnarbonne.org\/#\/schema\/logo\/image\/"},"sameAs":["https:\/\/www.facebook.com\/TCNA-Transparence-des-canaux-de-la-Narbonnaise-325260501232600\/"]}]}},"_links":{"self":[{"href":"https:\/\/tcnarbonne.org\/index.php\/wp-json\/wp\/v2\/pages\/17"}],"collection":[{"href":"https:\/\/tcnarbonne.org\/index.php\/wp-json\/wp\/v2\/pages"}],"about":[{"href":"https:\/\/tcnarbonne.org\/index.php\/wp-json\/wp\/v2\/types\/page"}],"author":[{"embeddable":true,"href":"https:\/\/tcnarbonne.org\/index.php\/wp-json\/wp\/v2\/users\/1"}],"replies":[{"embeddable":true,"href":"https:\/\/tcnarbonne.org\/index.php\/wp-json\/wp\/v2\/comments?post=17"}],"version-history":[{"count":12,"href":"https:\/\/tcnarbonne.org\/index.php\/wp-json\/wp\/v2\/pages\/17\/revisions"}],"predecessor-version":[{"id":1636,"href":"https:\/\/tcnarbonne.org\/index.php\/wp-json\/wp\/v2\/pages\/17\/revisions\/1636"}],"wp:featuredmedia":[{"embeddable":true,"href":"https:\/\/tcnarbonne.org\/index.php\/wp-json\/wp\/v2\/media\/7"}],"wp:attachment":[{"href":"https:\/\/tcnarbonne.org\/index.php\/wp-json\/wp\/v2\/media?parent=17"}],"curies":[{"name":"wp","href":"https:\/\/api.w.org\/{rel}","templated":true}]}}