{"id":1564,"date":"2017-08-06T20:42:10","date_gmt":"2017-08-06T18:42:10","guid":{"rendered":"http:\/\/tcnarbonne.org\/?page_id=1564"},"modified":"2018-03-20T18:16:04","modified_gmt":"2018-03-20T17:16:04","slug":"commercants-artisans-associations","status":"publish","type":"page","link":"https:\/\/tcnarbonne.org\/index.php\/commercants-artisans-associations\/","title":{"rendered":"Commer\u00e7ants, Artisans, Associations"},"content":{"rendered":"<p>Vous souhaitez nous aider en diffusant notre action dans votre commerce, atelier, d\u00e9p\u00f4t ou local associatif?<\/p>\n<p>TCNA met \u00e0 votre disposition du mat\u00e9riel \u00e0 t\u00e9l\u00e9charger et \u00e0 imprimer pour ensuite \u00eatre affich\u00e9 contre une vitrine, un mur, un pr\u00e9sentoir de magasin.<\/p>\n<p>Si vous avez des id\u00e9es pour nous aider \u00e0 communiquer, on prend toutes les bonnes id\u00e9es! (<a href=\"mailto:tcna.association@outlook.fr\">email<\/a>)<\/p>\n<p>T\u00e9l\u00e9charger ici:&nbsp;<a href=\"http:\/\/tcnarbonne.org\/wp-content\/uploads\/2017\/08\/goodies-tcna-final.pdf\">http:\/\/tcnarbonne.org\/wp-content\/uploads\/2017\/08\/goodies-tcna-final.pdf<\/a><\/p>\n<a href=\"https:\/\/tcnarbonne.org\/wp-content\/uploads\/2017\/08\/goodies-tcna-final.pdf\" class=\"pdfemb-viewer\" style=\"\" data-width=\"max\" data-height=\"max\" data-toolbar=\"bottom\" data-toolbar-fixed=\"off\">goodies-tcna-final<\/a>\n<p>&nbsp;<\/p>\n<p>&nbsp;<\/p>\n","protected":false},"excerpt":{"rendered":"<p>Vous souhaitez nous aider en diffusant notre action dans votre commerce, atelier, d\u00e9p\u00f4t ou local associatif? TCNA met \u00e0 votre disposition du mat\u00e9riel \u00e0 t\u00e9l\u00e9charger et \u00e0 imprimer pour ensuite \u00eatre affich\u00e9 contre une&#8230;<\/p>\n","protected":false},"author":1,"featured_media":1559,"parent":0,"menu_order":0,"comment_status":"closed","ping_status":"closed","template":"","meta":{"ngg_post_thumbnail":0,"footnotes":""},"yoast_head":"<!-- This site is optimized with the Yoast SEO plugin v21.1 - https:\/\/yoast.com\/wordpress\/plugins\/seo\/ -->\n<title>Commer\u00e7ants, Artisans, Associations - TCNA NARBONNE<\/title>\n<meta name=\"robots\" content=\"index, follow, max-snippet:-1, max-image-preview:large, max-video-preview:-1\" \/>\n<link rel=\"canonical\" href=\"https:\/\/tcnarbonne.org\/index.php\/commercants-artisans-associations\/\" \/>\n<meta property=\"og:locale\" content=\"fr_FR\" \/>\n<meta property=\"og:type\" content=\"article\" \/>\n<meta property=\"og:title\" content=\"Commer\u00e7ants, Artisans, Associations - TCNA NARBONNE\" \/>\n<meta property=\"og:description\" content=\"Vous souhaitez nous aider en diffusant notre action dans votre commerce, atelier, d\u00e9p\u00f4t ou local associatif? TCNA met \u00e0 votre disposition du mat\u00e9riel \u00e0 t\u00e9l\u00e9charger et \u00e0 imprimer pour ensuite \u00eatre affich\u00e9 contre une...\" \/>\n<meta property=\"og:url\" content=\"https:\/\/tcnarbonne.org\/index.php\/commercants-artisans-associations\/\" \/>\n<meta property=\"og:site_name\" content=\"TCNA NARBONNE\" \/>\n<meta property=\"article:publisher\" content=\"https:\/\/www.facebook.com\/TCNA-Transparence-des-canaux-de-la-Narbonnaise-325260501232600\/\" \/>\n<meta property=\"article:modified_time\" content=\"2018-03-20T17:16:04+00:00\" \/>\n<meta property=\"og:image\" content=\"https:\/\/tcnarbonne.org\/wp-content\/uploads\/2017\/08\/cropped-new-logo-normal.png\" \/>\n\t<meta property=\"og:image:width\" content=\"231\" \/>\n\t<meta property=\"og:image:height\" content=\"118\" \/>\n\t<meta property=\"og:image:type\" content=\"image\/png\" \/>\n<meta name=\"twitter:card\" content=\"summary_large_image\" \/>\n<script type=\"application\/ld+json\" class=\"yoast-schema-graph\">{\"@context\":\"https:\/\/schema.org\",\"@graph\":[{\"@type\":\"WebPage\",\"@id\":\"https:\/\/tcnarbonne.org\/index.php\/commercants-artisans-associations\/\",\"url\":\"https:\/\/tcnarbonne.org\/index.php\/commercants-artisans-associations\/\",\"name\":\"Commer\u00e7ants, Artisans, Associations - TCNA NARBONNE\",\"isPartOf\":{\"@id\":\"https:\/\/tcnarbonne.org\/#website\"},\"datePublished\":\"2017-08-06T18:42:10+00:00\",\"dateModified\":\"2018-03-20T17:16:04+00:00\",\"breadcrumb\":{\"@id\":\"https:\/\/tcnarbonne.org\/index.php\/commercants-artisans-associations\/#breadcrumb\"},\"inLanguage\":\"fr-FR\",\"potentialAction\":[{\"@type\":\"ReadAction\",\"target\":[\"https:\/\/tcnarbonne.org\/index.php\/commercants-artisans-associations\/\"]}]},{\"@type\":\"BreadcrumbList\",\"@id\":\"https:\/\/tcnarbonne.org\/index.php\/commercants-artisans-associations\/#breadcrumb\",\"itemListElement\":[{\"@type\":\"ListItem\",\"position\":1,\"name\":\"Accueil\",\"item\":\"https:\/\/tcnarbonne.org\/\"},{\"@type\":\"ListItem\",\"position\":2,\"name\":\"Commer\u00e7ants, Artisans, Associations\"}]},{\"@type\":\"WebSite\",\"@id\":\"https:\/\/tcnarbonne.org\/#website\",\"url\":\"https:\/\/tcnarbonne.org\/\",\"name\":\"www.https:\/\/tcnarbonne.org\/\",\"description\":\"Transparence des canaux de la narbonnaise\",\"publisher\":{\"@id\":\"https:\/\/tcnarbonne.org\/#organization\"},\"potentialAction\":[{\"@type\":\"SearchAction\",\"target\":{\"@type\":\"EntryPoint\",\"urlTemplate\":\"https:\/\/tcnarbonne.org\/?s={search_term_string}\"},\"query-input\":\"required name=search_term_string\"}],\"inLanguage\":\"fr-FR\"},{\"@type\":\"Organization\",\"@id\":\"https:\/\/tcnarbonne.org\/#organization\",\"name\":\"www.https:\/\/tcnarbonne.org\/\",\"url\":\"https:\/\/tcnarbonne.org\/\",\"logo\":{\"@type\":\"ImageObject\",\"inLanguage\":\"fr-FR\",\"@id\":\"https:\/\/tcnarbonne.org\/#\/schema\/logo\/image\/\",\"url\":\"https:\/\/tcnarbonne.org\/wp-content\/uploads\/2021\/02\/cropped-logo-TCNA-blanc-1-1.png\",\"contentUrl\":\"https:\/\/tcnarbonne.org\/wp-content\/uploads\/2021\/02\/cropped-logo-TCNA-blanc-1-1.png\",\"width\":306,\"height\":202,\"caption\":\"www.https:\/\/tcnarbonne.org\/\"},\"image\":{\"@id\":\"https:\/\/tcnarbonne.org\/#\/schema\/logo\/image\/\"},\"sameAs\":[\"https:\/\/www.facebook.com\/TCNA-Transparence-des-canaux-de-la-Narbonnaise-325260501232600\/\"]}]}<\/script>\n<!-- \/ Yoast SEO plugin. -->","yoast_head_json":{"title":"Commer\u00e7ants, Artisans, Associations - TCNA NARBONNE","robots":{"index":"index","follow":"follow","max-snippet":"max-snippet:-1","max-image-preview":"max-image-preview:large","max-video-preview":"max-video-preview:-1"},"canonical":"https:\/\/tcnarbonne.org\/index.php\/commercants-artisans-associations\/","og_locale":"fr_FR","og_type":"article","og_title":"Commer\u00e7ants, Artisans, Associations - TCNA NARBONNE","og_description":"Vous souhaitez nous aider en diffusant notre action dans votre commerce, atelier, d\u00e9p\u00f4t ou local associatif? TCNA met \u00e0 votre disposition du mat\u00e9riel \u00e0 t\u00e9l\u00e9charger et \u00e0 imprimer pour ensuite \u00eatre affich\u00e9 contre une...","og_url":"https:\/\/tcnarbonne.org\/index.php\/commercants-artisans-associations\/","og_site_name":"TCNA NARBONNE","article_publisher":"https:\/\/www.facebook.com\/TCNA-Transparence-des-canaux-de-la-Narbonnaise-325260501232600\/","article_modified_time":"2018-03-20T17:16:04+00:00","og_image":[{"width":231,"height":118,"url":"https:\/\/tcnarbonne.org\/wp-content\/uploads\/2017\/08\/cropped-new-logo-normal.png","type":"image\/png"}],"twitter_card":"summary_large_image","schema":{"@context":"https:\/\/schema.org","@graph":[{"@type":"WebPage","@id":"https:\/\/tcnarbonne.org\/index.php\/commercants-artisans-associations\/","url":"https:\/\/tcnarbonne.org\/index.php\/commercants-artisans-associations\/","name":"Commer\u00e7ants, Artisans, Associations - TCNA NARBONNE","isPartOf":{"@id":"https:\/\/tcnarbonne.org\/#website"},"datePublished":"2017-08-06T18:42:10+00:00","dateModified":"2018-03-20T17:16:04+00:00","breadcrumb":{"@id":"https:\/\/tcnarbonne.org\/index.php\/commercants-artisans-associations\/#breadcrumb"},"inLanguage":"fr-FR","potentialAction":[{"@type":"ReadAction","target":["https:\/\/tcnarbonne.org\/index.php\/commercants-artisans-associations\/"]}]},{"@type":"BreadcrumbList","@id":"https:\/\/tcnarbonne.org\/index.php\/commercants-artisans-associations\/#breadcrumb","itemListElement":[{"@type":"ListItem","position":1,"name":"Accueil","item":"https:\/\/tcnarbonne.org\/"},{"@type":"ListItem","position":2,"name":"Commer\u00e7ants, Artisans, Associations"}]},{"@type":"WebSite","@id":"https:\/\/tcnarbonne.org\/#website","url":"https:\/\/tcnarbonne.org\/","name":"www.https:\/\/tcnarbonne.org\/","description":"Transparence des canaux de la narbonnaise","publisher":{"@id":"https:\/\/tcnarbonne.org\/#organization"},"potentialAction":[{"@type":"SearchAction","target":{"@type":"EntryPoint","urlTemplate":"https:\/\/tcnarbonne.org\/?s={search_term_string}"},"query-input":"required name=search_term_string"}],"inLanguage":"fr-FR"},{"@type":"Organization","@id":"https:\/\/tcnarbonne.org\/#organization","name":"www.https:\/\/tcnarbonne.org\/","url":"https:\/\/tcnarbonne.org\/","logo":{"@type":"ImageObject","inLanguage":"fr-FR","@id":"https:\/\/tcnarbonne.org\/#\/schema\/logo\/image\/","url":"https:\/\/tcnarbonne.org\/wp-content\/uploads\/2021\/02\/cropped-logo-TCNA-blanc-1-1.png","contentUrl":"https:\/\/tcnarbonne.org\/wp-content\/uploads\/2021\/02\/cropped-logo-TCNA-blanc-1-1.png","width":306,"height":202,"caption":"www.https:\/\/tcnarbonne.org\/"},"image":{"@id":"https:\/\/tcnarbonne.org\/#\/schema\/logo\/image\/"},"sameAs":["https:\/\/www.facebook.com\/TCNA-Transparence-des-canaux-de-la-Narbonnaise-325260501232600\/"]}]}},"_links":{"self":[{"href":"https:\/\/tcnarbonne.org\/index.php\/wp-json\/wp\/v2\/pages\/1564"}],"collection":[{"href":"https:\/\/tcnarbonne.org\/index.php\/wp-json\/wp\/v2\/pages"}],"about":[{"href":"https:\/\/tcnarbonne.org\/index.php\/wp-json\/wp\/v2\/types\/page"}],"author":[{"embeddable":true,"href":"https:\/\/tcnarbonne.org\/index.php\/wp-json\/wp\/v2\/users\/1"}],"replies":[{"embeddable":true,"href":"https:\/\/tcnarbonne.org\/index.php\/wp-json\/wp\/v2\/comments?post=1564"}],"version-history":[{"count":3,"href":"https:\/\/tcnarbonne.org\/index.php\/wp-json\/wp\/v2\/pages\/1564\/revisions"}],"predecessor-version":[{"id":2350,"href":"https:\/\/tcnarbonne.org\/index.php\/wp-json\/wp\/v2\/pages\/1564\/revisions\/2350"}],"wp:featuredmedia":[{"embeddable":true,"href":"https:\/\/tcnarbonne.org\/index.php\/wp-json\/wp\/v2\/media\/1559"}],"wp:attachment":[{"href":"https:\/\/tcnarbonne.org\/index.php\/wp-json\/wp\/v2\/media?parent=1564"}],"curies":[{"name":"wp","href":"https:\/\/api.w.org\/{rel}","templated":true}]}}