{"id":1429,"date":"2017-07-18T13:58:54","date_gmt":"2017-07-18T11:58:54","guid":{"rendered":"http:\/\/tcnarbonne.org\/?page_id=1429"},"modified":"2017-07-18T14:01:33","modified_gmt":"2017-07-18T12:01:33","slug":"realiser-analyse-independante-de-radioactivite","status":"publish","type":"page","link":"https:\/\/tcnarbonne.org\/index.php\/realiser-analyse-independante-de-radioactivite\/","title":{"rendered":"R\u00e9aliser une analyse ind\u00e9pendante de radioactivit\u00e9"},"content":{"rendered":"<h2><strong>Le ruisseau le Mayral rejoint le&nbsp;canal du Tauran et se jette dans le canal de la Robine (class\u00e9 au Patrimoine Mondial de l&#8217;UNESCO).<\/strong><\/h2>\n<h3><span style=\"font-size: 14pt;\"><strong>Le canal de la Robine traverse le centre ville de Narbonne.<\/strong><\/span><\/h3>\n<h3><span style=\"font-size: 14pt;\"><strong>Ce canal&nbsp;est&nbsp;pollu\u00e9&nbsp;par des PCB (Perturbateurs endocriniens), il est aussi frapp\u00e9&nbsp;d&#8217;interdiction pour la consommation et la vente des poissons d&#8217;eau douce (toutes esp\u00e8ces) par la Pr\u00e9fecture et les services de l&#8217;environnement.<\/strong><\/span><\/h3>\n<h3><span style=\"font-size: 14pt;\"><strong>Nous avons aussi des soup\u00e7ons sur des pollutions de natures diff\u00e9rentes sur ces cours d&#8217;eau&nbsp;qui, dans&nbsp;le pass\u00e9, ont subi les cons\u00e9quences de&nbsp;multiples&nbsp;incidents industriels avec des contaminations radioactives \u00e0 la clef&nbsp;(2004 : rupture de digue sur le site d&#8217;AREVA, contamination de boues par du plutonium).<\/strong><\/span><\/h3>\n<h3><span style=\"font-size: 14pt;\"><strong>Soucieux de la sant\u00e9 de nos&nbsp;enfants qui jouent aux abords de ces canaux et des riverains qui utilisent ces eaux pour arroser leurs potagers, nous nous sommes constitu\u00e9s en association citoyenne d\u00e9nomm\u00e9e TCNA et notre premier objectif est de faire r\u00e9aliser des contr\u00f4les et des analyses de radioactivit\u00e9 sur le milieu aquatique \u00e0 Narbonne.<\/strong><\/span><\/h3>\n<h3><span style=\"font-size: 14pt;\"><strong>Devant le refus&nbsp;jusqu&#8217;\u00e0 ce jour, de la municipalit\u00e9 de Narbonne de prendre en charge le financement de ces analyses, ET&nbsp;au nom du principe de pr\u00e9caution, nous lan\u00e7ons cette cagnotte afin de r\u00e9colter les fonds qui nous permettront&nbsp;de solliciter&nbsp;la CRIIRAD, Commission de Recherche et d&#8217;Information Ind\u00e9pendantes sur la Radioactivit\u00e9, bas\u00e9e \u00e0 Valence, organisme ind\u00e9pendant, pour effectuer les analyses n\u00e9cessaires.<\/strong><\/span><\/h3>\n<h3><span style=\"font-size: 14pt;\"><strong>Le montant du devis des analyses s&#8217;\u00e9l\u00e8ve \u00e0&nbsp;4.974,74\u20ac.<\/strong><\/span><\/h3>\n<h3><span style=\"font-size: 14pt;\"><strong>Cette analyse n&#8217;est que le d\u00e9but d&#8217;une d\u00e9marche plus globale pour permettre aux narbonnaises et narbonnais de se r\u00e9approprier leurs canaux et leur environnement plus g\u00e9n\u00e9ralement.<\/strong><\/span><\/h3>\n<h3><span style=\"font-size: 14pt;\"><strong>On ne peut plus sacrifier la sant\u00e9 des narbonnais sur des consid\u00e9rations purement \u00e9conomiques ou politiques.<\/strong><\/span><\/h3>\n<h3><span style=\"font-size: 14pt;\"><strong>Le Pr\u00e9sident Mr HURTADO&nbsp;et les membres du Bureau de TCNA (Transparence des Canaux de la NArbonnaise) vous remercient toutes et tous d&#8217;avance pour votre geste de solidarit\u00e9 et restent \u00e0 votre enti\u00e8re disposition pour vous donner encore plus d&#8217;information sur ces sujets majeurs &nbsp;de sant\u00e9 publique dans la r\u00e9gion narbonnaise.<\/strong><\/span><\/h3>\n<h3><span style=\"font-size: 14pt;\"><a href=\"https:\/\/www.leetchi.com\/c\/association-de-association-tcna-transparence-des-canaux-de-la-narbonnaise\">Participer \u00e0 la cagnotte en ligne<\/a><\/span><\/h3>\n","protected":false},"excerpt":{"rendered":"<p>Le ruisseau le Mayral rejoint le&nbsp;canal du Tauran et se jette dans le canal de la Robine (class\u00e9 au Patrimoine Mondial de l&#8217;UNESCO). Le canal de la Robine traverse le centre ville de Narbonne&#8230;.<\/p>\n","protected":false},"author":1,"featured_media":1428,"parent":0,"menu_order":0,"comment_status":"closed","ping_status":"closed","template":"","meta":{"ngg_post_thumbnail":0,"footnotes":""},"yoast_head":"<!-- This site is optimized with the Yoast SEO plugin v21.1 - https:\/\/yoast.com\/wordpress\/plugins\/seo\/ -->\n<title>R\u00e9aliser une analyse ind\u00e9pendante de radioactivit\u00e9 - TCNA NARBONNE<\/title>\n<meta name=\"robots\" content=\"index, follow, max-snippet:-1, max-image-preview:large, max-video-preview:-1\" \/>\n<link rel=\"canonical\" href=\"https:\/\/tcnarbonne.org\/index.php\/realiser-analyse-independante-de-radioactivite\/\" \/>\n<meta property=\"og:locale\" content=\"fr_FR\" \/>\n<meta property=\"og:type\" content=\"article\" \/>\n<meta property=\"og:title\" content=\"R\u00e9aliser une analyse ind\u00e9pendante de radioactivit\u00e9 - TCNA NARBONNE\" \/>\n<meta property=\"og:description\" content=\"Le ruisseau le Mayral rejoint le&nbsp;canal du Tauran et se jette dans le canal de la Robine (class\u00e9 au Patrimoine Mondial de l&#8217;UNESCO). Le canal de la Robine traverse le centre ville de Narbonne....\" \/>\n<meta property=\"og:url\" content=\"https:\/\/tcnarbonne.org\/index.php\/realiser-analyse-independante-de-radioactivite\/\" \/>\n<meta property=\"og:site_name\" content=\"TCNA NARBONNE\" \/>\n<meta property=\"article:publisher\" content=\"https:\/\/www.facebook.com\/TCNA-Transparence-des-canaux-de-la-Narbonnaise-325260501232600\/\" \/>\n<meta property=\"article:modified_time\" content=\"2017-07-18T12:01:33+00:00\" \/>\n<meta property=\"og:image\" content=\"https:\/\/tcnarbonne.org\/wp-content\/uploads\/2016\/02\/mayral.jpg\" \/>\n\t<meta property=\"og:image:width\" content=\"1940\" \/>\n\t<meta property=\"og:image:height\" content=\"1293\" \/>\n\t<meta property=\"og:image:type\" content=\"image\/jpeg\" \/>\n<meta name=\"twitter:card\" content=\"summary_large_image\" \/>\n<meta name=\"twitter:label1\" content=\"Dur\u00e9e de lecture estim\u00e9e\" \/>\n\t<meta name=\"twitter:data1\" content=\"2 minutes\" \/>\n<script type=\"application\/ld+json\" class=\"yoast-schema-graph\">{\"@context\":\"https:\/\/schema.org\",\"@graph\":[{\"@type\":\"WebPage\",\"@id\":\"https:\/\/tcnarbonne.org\/index.php\/realiser-analyse-independante-de-radioactivite\/\",\"url\":\"https:\/\/tcnarbonne.org\/index.php\/realiser-analyse-independante-de-radioactivite\/\",\"name\":\"R\u00e9aliser une analyse ind\u00e9pendante de radioactivit\u00e9 - TCNA NARBONNE\",\"isPartOf\":{\"@id\":\"https:\/\/tcnarbonne.org\/#website\"},\"datePublished\":\"2017-07-18T11:58:54+00:00\",\"dateModified\":\"2017-07-18T12:01:33+00:00\",\"breadcrumb\":{\"@id\":\"https:\/\/tcnarbonne.org\/index.php\/realiser-analyse-independante-de-radioactivite\/#breadcrumb\"},\"inLanguage\":\"fr-FR\",\"potentialAction\":[{\"@type\":\"ReadAction\",\"target\":[\"https:\/\/tcnarbonne.org\/index.php\/realiser-analyse-independante-de-radioactivite\/\"]}]},{\"@type\":\"BreadcrumbList\",\"@id\":\"https:\/\/tcnarbonne.org\/index.php\/realiser-analyse-independante-de-radioactivite\/#breadcrumb\",\"itemListElement\":[{\"@type\":\"ListItem\",\"position\":1,\"name\":\"Accueil\",\"item\":\"https:\/\/tcnarbonne.org\/\"},{\"@type\":\"ListItem\",\"position\":2,\"name\":\"R\u00e9aliser une analyse ind\u00e9pendante de radioactivit\u00e9\"}]},{\"@type\":\"WebSite\",\"@id\":\"https:\/\/tcnarbonne.org\/#website\",\"url\":\"https:\/\/tcnarbonne.org\/\",\"name\":\"www.https:\/\/tcnarbonne.org\/\",\"description\":\"Transparence des canaux de la narbonnaise\",\"publisher\":{\"@id\":\"https:\/\/tcnarbonne.org\/#organization\"},\"potentialAction\":[{\"@type\":\"SearchAction\",\"target\":{\"@type\":\"EntryPoint\",\"urlTemplate\":\"https:\/\/tcnarbonne.org\/?s={search_term_string}\"},\"query-input\":\"required name=search_term_string\"}],\"inLanguage\":\"fr-FR\"},{\"@type\":\"Organization\",\"@id\":\"https:\/\/tcnarbonne.org\/#organization\",\"name\":\"www.https:\/\/tcnarbonne.org\/\",\"url\":\"https:\/\/tcnarbonne.org\/\",\"logo\":{\"@type\":\"ImageObject\",\"inLanguage\":\"fr-FR\",\"@id\":\"https:\/\/tcnarbonne.org\/#\/schema\/logo\/image\/\",\"url\":\"https:\/\/tcnarbonne.org\/wp-content\/uploads\/2021\/02\/cropped-logo-TCNA-blanc-1-1.png\",\"contentUrl\":\"https:\/\/tcnarbonne.org\/wp-content\/uploads\/2021\/02\/cropped-logo-TCNA-blanc-1-1.png\",\"width\":306,\"height\":202,\"caption\":\"www.https:\/\/tcnarbonne.org\/\"},\"image\":{\"@id\":\"https:\/\/tcnarbonne.org\/#\/schema\/logo\/image\/\"},\"sameAs\":[\"https:\/\/www.facebook.com\/TCNA-Transparence-des-canaux-de-la-Narbonnaise-325260501232600\/\"]}]}<\/script>\n<!-- \/ Yoast SEO plugin. -->","yoast_head_json":{"title":"R\u00e9aliser une analyse ind\u00e9pendante de radioactivit\u00e9 - TCNA NARBONNE","robots":{"index":"index","follow":"follow","max-snippet":"max-snippet:-1","max-image-preview":"max-image-preview:large","max-video-preview":"max-video-preview:-1"},"canonical":"https:\/\/tcnarbonne.org\/index.php\/realiser-analyse-independante-de-radioactivite\/","og_locale":"fr_FR","og_type":"article","og_title":"R\u00e9aliser une analyse ind\u00e9pendante de radioactivit\u00e9 - TCNA NARBONNE","og_description":"Le ruisseau le Mayral rejoint le&nbsp;canal du Tauran et se jette dans le canal de la Robine (class\u00e9 au Patrimoine Mondial de l&#8217;UNESCO). Le canal de la Robine traverse le centre ville de Narbonne....","og_url":"https:\/\/tcnarbonne.org\/index.php\/realiser-analyse-independante-de-radioactivite\/","og_site_name":"TCNA NARBONNE","article_publisher":"https:\/\/www.facebook.com\/TCNA-Transparence-des-canaux-de-la-Narbonnaise-325260501232600\/","article_modified_time":"2017-07-18T12:01:33+00:00","og_image":[{"width":1940,"height":1293,"url":"https:\/\/tcnarbonne.org\/wp-content\/uploads\/2016\/02\/mayral.jpg","type":"image\/jpeg"}],"twitter_card":"summary_large_image","twitter_misc":{"Dur\u00e9e de lecture estim\u00e9e":"2 minutes"},"schema":{"@context":"https:\/\/schema.org","@graph":[{"@type":"WebPage","@id":"https:\/\/tcnarbonne.org\/index.php\/realiser-analyse-independante-de-radioactivite\/","url":"https:\/\/tcnarbonne.org\/index.php\/realiser-analyse-independante-de-radioactivite\/","name":"R\u00e9aliser une analyse ind\u00e9pendante de radioactivit\u00e9 - TCNA NARBONNE","isPartOf":{"@id":"https:\/\/tcnarbonne.org\/#website"},"datePublished":"2017-07-18T11:58:54+00:00","dateModified":"2017-07-18T12:01:33+00:00","breadcrumb":{"@id":"https:\/\/tcnarbonne.org\/index.php\/realiser-analyse-independante-de-radioactivite\/#breadcrumb"},"inLanguage":"fr-FR","potentialAction":[{"@type":"ReadAction","target":["https:\/\/tcnarbonne.org\/index.php\/realiser-analyse-independante-de-radioactivite\/"]}]},{"@type":"BreadcrumbList","@id":"https:\/\/tcnarbonne.org\/index.php\/realiser-analyse-independante-de-radioactivite\/#breadcrumb","itemListElement":[{"@type":"ListItem","position":1,"name":"Accueil","item":"https:\/\/tcnarbonne.org\/"},{"@type":"ListItem","position":2,"name":"R\u00e9aliser une analyse ind\u00e9pendante de radioactivit\u00e9"}]},{"@type":"WebSite","@id":"https:\/\/tcnarbonne.org\/#website","url":"https:\/\/tcnarbonne.org\/","name":"www.https:\/\/tcnarbonne.org\/","description":"Transparence des canaux de la narbonnaise","publisher":{"@id":"https:\/\/tcnarbonne.org\/#organization"},"potentialAction":[{"@type":"SearchAction","target":{"@type":"EntryPoint","urlTemplate":"https:\/\/tcnarbonne.org\/?s={search_term_string}"},"query-input":"required name=search_term_string"}],"inLanguage":"fr-FR"},{"@type":"Organization","@id":"https:\/\/tcnarbonne.org\/#organization","name":"www.https:\/\/tcnarbonne.org\/","url":"https:\/\/tcnarbonne.org\/","logo":{"@type":"ImageObject","inLanguage":"fr-FR","@id":"https:\/\/tcnarbonne.org\/#\/schema\/logo\/image\/","url":"https:\/\/tcnarbonne.org\/wp-content\/uploads\/2021\/02\/cropped-logo-TCNA-blanc-1-1.png","contentUrl":"https:\/\/tcnarbonne.org\/wp-content\/uploads\/2021\/02\/cropped-logo-TCNA-blanc-1-1.png","width":306,"height":202,"caption":"www.https:\/\/tcnarbonne.org\/"},"image":{"@id":"https:\/\/tcnarbonne.org\/#\/schema\/logo\/image\/"},"sameAs":["https:\/\/www.facebook.com\/TCNA-Transparence-des-canaux-de-la-Narbonnaise-325260501232600\/"]}]}},"_links":{"self":[{"href":"https:\/\/tcnarbonne.org\/index.php\/wp-json\/wp\/v2\/pages\/1429"}],"collection":[{"href":"https:\/\/tcnarbonne.org\/index.php\/wp-json\/wp\/v2\/pages"}],"about":[{"href":"https:\/\/tcnarbonne.org\/index.php\/wp-json\/wp\/v2\/types\/page"}],"author":[{"embeddable":true,"href":"https:\/\/tcnarbonne.org\/index.php\/wp-json\/wp\/v2\/users\/1"}],"replies":[{"embeddable":true,"href":"https:\/\/tcnarbonne.org\/index.php\/wp-json\/wp\/v2\/comments?post=1429"}],"version-history":[{"count":1,"href":"https:\/\/tcnarbonne.org\/index.php\/wp-json\/wp\/v2\/pages\/1429\/revisions"}],"predecessor-version":[{"id":1430,"href":"https:\/\/tcnarbonne.org\/index.php\/wp-json\/wp\/v2\/pages\/1429\/revisions\/1430"}],"wp:featuredmedia":[{"embeddable":true,"href":"https:\/\/tcnarbonne.org\/index.php\/wp-json\/wp\/v2\/media\/1428"}],"wp:attachment":[{"href":"https:\/\/tcnarbonne.org\/index.php\/wp-json\/wp\/v2\/media?parent=1429"}],"curies":[{"name":"wp","href":"https:\/\/api.w.org\/{rel}","templated":true}]}}